{"id":89,"date":"2013-12-02T20:26:15","date_gmt":"2013-12-02T19:26:15","guid":{"rendered":"http:\/\/p210282.webspaceconfig.de\/wettbewerb\/2010-2\/teilnehmerinformationen\/"},"modified":"2014-07-16T17:55:50","modified_gmt":"2014-07-16T15:55:50","slug":"teilnehmerinformationen","status":"publish","type":"page","link":"https:\/\/ait-xia-dialog.de\/tile-award\/wettbewerb\/2010-2\/teilnehmerinformationen\/","title":{"rendered":"Thema und Kategorien"},"content":{"rendered":"<h3>BAD und SANIT\u00c4R<\/h3>\n<p>Der Schwerpunkt liegt\u00a0 in den Bereichen Bad und Sanit\u00e4r. Gesucht sind kreative und ungew\u00f6hnliche Ideen welche die vielf\u00e4ltigen Gestaltungsm\u00f6glichkeiten des Materials aufzeigen. Im Rahmen der angeboten Themen sind der Fantasie keine Grenzen gesetzt.<\/p>\n<div class=\"toggle\"><div class=\"title\"><i class=\"icon\"><\/i>KATEGORIE 1: LEBEN UND WOHNEN<\/div><div class=\"inner\"><div class=\"content\">\n<ul>\n<li><strong>Wohnk\u00fcche f\u00fcr gl\u00fcckliche Familien<\/strong><br \/>\nEin typisches Szenario, die kleine Familie zieht ins eigene Heim. Gesucht wird ein Entwurf f\u00fcr die offene Wohnk\u00fcche des Hauses.<\/li>\n<li><strong>Barrierefreies Bad f\u00fcr die Generation 60+<\/strong><br \/>\nMit zunehmendem Alter ver\u00e4ndern sich die Anspr\u00fcche an Bad und Sanit\u00e4rbereich. Barrierefreiheit ist ein wichtiges Thema. Was bleibt ist der Wunsch nach Design und \u00c4sthetik. Gestaltet werden soll ein Bad f\u00fcr die eigenen Gro\u00dfeltern oder f\u00fcr einen frei w\u00e4hlbaren Vertreter der Generation 60+.<\/li>\n<li><strong>Das Singleloft<\/strong><br \/>\nGro\u00dfe R\u00e4ume, hohe Decken, Industriecharakter ein beliebiger Bereich eines typischen Lofts erh\u00e4lt ein innovatives Design.<\/li>\n<li><strong>Die Villa im Gr\u00fcnen<\/strong><br \/>\nEine traumhafte Altbauvilla in st\u00e4dtischer Lage mit gro\u00dfen R\u00e4umen und stuckverzierten Decken, bewohnt von einer Arztfamilie.<br \/>\nGestalten Sie das klassische Wohlf\u00fchlbad.<\/li>\n<\/ul>\n<\/div><\/div><\/div>\n<div class=\"toggle\"><div class=\"title\"><i class=\"icon\"><\/i>KATEGORIE 2: FREIZEIT UND \u00d6FFENTLICHE BEREICHE<\/div><div class=\"inner\"><div class=\"content\">\n<ul>\n<li><strong>Duschbereich in einer Sportst\u00e4tte<\/strong><br \/>\nGerade in Sanit\u00e4rbereichen von \u00f6ffentlichen Sportst\u00e4tten ist Funktionalit\u00e4t besonders wichtig. Leider wird der Anspruch an Gestaltung aus diesem Grund allzu oft vernachl\u00e4ssigt.<br \/>\nAufgabe ist es, den Duschbereich des lokalen Fu\u00dfballvereins oder einer vergleichbaren sportlichen Einrichtung neu zu gestalten.<\/li>\n<li><strong>Das Ladenlokal<\/strong><br \/>\nDer Coffee Shop von nebenan, fast t\u00e4glich auf dem Weg zur Arbeit von jedem gestressten Gro\u00dfst\u00e4dter besucht. Besonders diese oftmals kleinen R\u00e4umlichkeiten stellen eine interessante Entwurfsaufgabe dar. Von der Theke \u00fcber die Decke bis zum Eingangsbereich werden kreative Gestaltungsideen gesucht.<\/li>\n<li><strong>Ein Spa zum Wohlf\u00fchlen<\/strong><br \/>\nDayspas und Hotels verf\u00fcgen \u00fcber ganze Landschaften welche nur der Entspannung der G\u00e4ste dienen. W\u00e4hlen Sie einen typischen Bereich wie z. B. den Ruheraum und gestalten Sie ihn neu.<\/li>\n<\/ul>\n<\/div><\/div><\/div>\n<div class=\"toggle\"><div class=\"title\"><i class=\"icon\"><\/i>BEWERTUNGSKRITERIEN<\/div><div class=\"inner\"><div class=\"content\">\n<ul>\n<li>Idee<\/li>\n<li>Konzeption<\/li>\n<li>Innovation<\/li>\n<li>Gestaltungsqualit\u00e4t<\/li>\n<li>Komposition<\/li>\n<li>Umgang mit dem Thema Fliese<\/li>\n<\/ul>\n<\/div><\/div><\/div>\n<p>&nbsp;<\/p>\n","protected":false},"excerpt":{"rendered":"<p>BAD und SANIT\u00c4R Der Schwerpunkt liegt\u00a0 in den Bereichen Bad und Sanit\u00e4r. Gesucht sind kreative und ungew\u00f6hnliche Ideen welche die vielf\u00e4ltigen Gestaltungsm\u00f6glichkeiten des Materials aufzeigen. Im Rahmen der angeboten Themen sind der Fantasie keine Grenzen gesetzt. &nbsp;<\/p>\n","protected":false},"author":4,"featured_media":0,"parent":75,"menu_order":18,"comment_status":"closed","ping_status":"open","template":"page-templates\/child-menu-left.php","meta":[],"_links":{"self":[{"href":"https:\/\/ait-xia-dialog.de\/tile-award\/wp-json\/wp\/v2\/pages\/89"}],"collection":[{"href":"https:\/\/ait-xia-dialog.de\/tile-award\/wp-json\/wp\/v2\/pages"}],"about":[{"href":"https:\/\/ait-xia-dialog.de\/tile-award\/wp-json\/wp\/v2\/types\/page"}],"author":[{"embeddable":true,"href":"https:\/\/ait-xia-dialog.de\/tile-award\/wp-json\/wp\/v2\/users\/4"}],"replies":[{"embeddable":true,"href":"https:\/\/ait-xia-dialog.de\/tile-award\/wp-json\/wp\/v2\/comments?post=89"}],"version-history":[{"count":23,"href":"https:\/\/ait-xia-dialog.de\/tile-award\/wp-json\/wp\/v2\/pages\/89\/revisions"}],"predecessor-version":[{"id":1929,"href":"https:\/\/ait-xia-dialog.de\/tile-award\/wp-json\/wp\/v2\/pages\/89\/revisions\/1929"}],"up":[{"embeddable":true,"href":"https:\/\/ait-xia-dialog.de\/tile-award\/wp-json\/wp\/v2\/pages\/75"}],"wp:attachment":[{"href":"https:\/\/ait-xia-dialog.de\/tile-award\/wp-json\/wp\/v2\/media?parent=89"}],"curies":[{"name":"wp","href":"https:\/\/api.w.org\/{rel}","templated":true}]}}