{"id":88,"date":"2013-12-02T20:26:15","date_gmt":"2013-12-02T19:26:15","guid":{"rendered":"http:\/\/p210282.webspaceconfig.de\/wettbewerb\/2010-2\/jury\/"},"modified":"2014-07-17T17:46:56","modified_gmt":"2014-07-17T15:46:56","slug":"jury","status":"publish","type":"page","link":"https:\/\/ait-xia-dialog.de\/tile-award\/wettbewerb\/2010-2\/jury\/","title":{"rendered":"Jury"},"content":{"rendered":"<div class=\"grid one-half\">\n<h2>Die Jury des TILE AWARD 2010<\/h2>\n<\/div>\n<p>&nbsp;<\/p>\n<div class=\"hr\"><\/div>\n<div class=\"grid one-half\">\n<h3>Sabine Krumrey<\/h3>\n<p>brandherm + krumrey innenarchitektur<br \/>\n<a href=\"http:\/\/www.b-k-i.de\" target=\"_blank\">www.b-k-i.de<\/a><\/p>\n<p><img decoding=\"async\" loading=\"lazy\" class=\"alignnone size-full wp-image-363\" src=\"http:\/\/p210282.webspaceconfig.de\/wp-content\/uploads\/2013\/12\/Sabine-Krumrey-small.jpg\" alt=\"Sabine-Krumrey-small\" width=\"446\" height=\"289\" srcset=\"https:\/\/ait-xia-dialog.de\/tile-award\/wp-content\/uploads\/2013\/12\/Sabine-Krumrey-small.jpg 446w, https:\/\/ait-xia-dialog.de\/tile-award\/wp-content\/uploads\/2013\/12\/Sabine-Krumrey-small-300x194.jpg 300w\" sizes=\"(max-width: 446px) 100vw, 446px\" \/><\/p>\n<div class=\"toggle\"><div class=\"title\"><i class=\"icon\"><\/i>Vita<\/div><div class=\"inner\"><div class=\"content\">\nStudium an der FH Rosenheim Verschiedene Station in Innenarchitekturb\u00fcros im S\u00fcden Deutschlands Bereiche: Gesundheitswesen, Shop- + Messegestaltung<br \/>\nSeit 1993 selbstst\u00e4ndiges B\u00fcro f\u00fcr Innenarchitektur Seit 1996 Zusammenarbeit mit Susanne Brandherm<br \/>\n1999 Gr\u00fcndung von brandherm + krumrey Innenarchitektur in K\u00f6ln 2000 Gr\u00fcndung von brandherm + krumrey Innenarchitektur in Hamburg<\/p>\n<p><strong>Das B\u00fcro<\/strong><br \/>\nDie in K\u00f6ln und Hamburg ans\u00e4ssigen Innenarchitektinnen Susanne Brandherm und Sabine Krumrey arbeiten seit 1999 als brandherm + krumrey Innenarchitektur in den verschiedensten Disziplinen der Innenarchitektur.<br \/>\nIhr Leistungsspektrum umfasst alle Leistungsphasen der Projektplanung und -abwicklung gem\u00e4\u00df HOAI und reicht von der Gesamtkonzeption von Gro\u00dfobjekten bis zur Realisation von Detailauftr\u00e4gen. Die Arbeitsschwerpunkte liegen in den Bereichen Hoteldesign, Objekteinrichtungen f?r das Gesundheitswesen (Privatkliniken, Arztpraxen, Apotheken) sowie Office-Gestaltung.<\/p>\n<p><strong>Statement<\/strong><br \/>\nKreativit\u00e4t ist die sch\u00f6pferische Kraft, aus der neue, origin\u00e4re Ideen entstehen. Sie ist der Motor, jedes Projekt immer wieder mit neuen Augen zu betrachten und seinen Herausforderungen mit individuellen, aussagekr\u00e4ftigen und ungew\u00f6hnlichen Konzepten zu begegnen.<br \/>\nMa\u00dfstab f\u00fcr die individuelle Planung aller Objekte sind die W\u00fcnsche und Bed\u00fcrfnisse des Kunden, mit dem in enger Zusammenarbeit genau die L\u00f6sung gefunden wird, die zu ihm passt.<br \/>\nKompromisslose Zuverl\u00e4ssigkeit, realistisches Denken bei der Umsetzung der Planvorlagen und ein budgetverantwortliches Projektmanagement sorgen daf\u00fcr, dass aus Visionen Wirklichkeit wird.<\/p>\n<p><strong>Aktuelle Projekte (Auszug)<\/strong><\/p>\n<ul>\n<li>Umbau Hotel Estrel Wohnbereich, Abschnitt 3, 160 Zimmer<br \/>\nBerlin 2009\/2010<\/li>\n<li>Hotel Estrel Berlin Umbau Fl\u00fcgel 2, 356 Hotelzimmer<br \/>\nBerlin 2008\/2009<\/li>\n<li>Best Western Hotel Vlotho Bonneberg, Umbau und Renovierung der \u00f6ffentlichen Bereiche<br \/>\nVlotho, 2008<\/li>\n<li>Radisson SAS Restaurant und Konferenzbereich<br \/>\nLeipzig 2008<\/li>\n<li>Umbau Swissotel Neuss Hotelzimmer und \u00f6ffentliche Bereiche<br \/>\nD\u00fcsseldorf\/Neuss, 2008<\/li>\n<li>Umbau Seminar und Freizeit Hotel Grosse Ledder Bayer AG Leverkusen<br \/>\nWermelskirchen, 2008<\/li>\n<\/ul>\n<\/div><\/div><\/div>\n<\/div>\n<div class=\"grid one-half last\">\n<h3>Tiina Parkkinen<\/h3>\n<p>Berger + Parkkinen Architekten | Wien<br \/>\n<a href=\"http:\/\/www.berger-parkkinen.com\" target=\"_blank\">www.berger-parkkinen.com<\/a><\/p>\n<p><img decoding=\"async\" loading=\"lazy\" class=\"alignnone size-full wp-image-366\" src=\"http:\/\/p210282.webspaceconfig.de\/wp-content\/uploads\/2013\/12\/Tiina-Parkkinen.jpg\" alt=\"Tiina-Parkkinen\" width=\"446\" height=\"289\" srcset=\"https:\/\/ait-xia-dialog.de\/tile-award\/wp-content\/uploads\/2013\/12\/Tiina-Parkkinen.jpg 446w, https:\/\/ait-xia-dialog.de\/tile-award\/wp-content\/uploads\/2013\/12\/Tiina-Parkkinen-300x194.jpg 300w\" sizes=\"(max-width: 446px) 100vw, 446px\" \/><\/p>\n<div class=\"toggle\"><div class=\"title\"><i class=\"icon\"><\/i>Vita<\/div><div class=\"inner\"><div class=\"content\">\nTiina Parkkinen, geboren 1965 in Wien studierte Architektur an der Akademie der bildenden K\u00fcnste in Wien in der Meisterschule von Prof.Timo Penttil\u00e4. 1994 erhielt sie den Meisterschulpreis und diplomierte mit Auszeichnung.<\/p>\n<p>Tiina Parkkinen und Alfred Berger gr\u00fcndeten 1995 Berger+Parkkinen Architekten mit Sitz in Wien und Helsinki. Im Gr\u00fcndungsjahr gewannen sie den Wettbewerb f\u00fcr die Nordischen Botschaften in Berlin. Der au\u00dfergew\u00f6hnliche von einer 15 m hohen Kupferfassade umgebene Botschaftskomplex wurde im Oktober 1999 in einem gemeinsamen Festakt der f\u00fcnf nordischen Staaten und Deutschlands im Beisein aller sechs Staatsoberh\u00e4upter er\u00f6ffnet. Der Bau entfachte ein enormes Medienecho und wurde mehrfach ausgezeichnet (Du Pont Benedictus Award 2003, AIT Award 2004 und Finalist f\u00fcr den Mies van der Rohe Award).<\/p>\n<p>Es folgten weitere Realisierungen, unter ihnen der Neubau der Fachhochschule Hagenberg (ausgezeichnet als Bestes Bauwerk des Jahres 2005 in Ober\u00f6sterreich), die Residenz der K\u00f6niglich Norwegischen Botschaft in Wien, die Osteuropa Zentrale des British Council in Wien sowie der k\u00fcrzlich fertiggestellte Wohnbau in Wien. Noch heuer erfolgt die Er\u00f6ffnung des Eissportzentrum Wien, n\u00e4chstes Jahr der 1. Bauabschnitt des Competence Park Salzburg sowie der Baubeginn des Wohnbaus in Laibach, der 2011 fertiggestellt werden soll.<\/p>\n<p><strong>Das B\u00fcro<\/strong><br \/>\nDurch zahlreiche Wettbewerbserfolge, wie das Parlement Nouveau in Lausanne, die Ile Seguin sowie Boulogne-Billancourt in Paris, das Museum MCUR in La R\u00e9union und das Theater in Saint-Nazaire konnten Berger+Parkkinen Architekten in den letzten Jahren auch weiter international arbeiten.<br \/>\nIn Fachzeitschriften und Zeitungen wird nicht nur \u00fcber die international vielbeachteten Bauten geschrieben. Alfred Berger und Tiina Parkkinen werden auch h\u00e4ufig zu Fragen rund um das Thema Architektur zitiert. Jurorent\u00e4tigkeiten sowie Ausstellungen und Vortr\u00e4ge f\u00fchren sie regelm\u00e4\u00dfig in zahlreiche Hauptst\u00e4dte der EU, nach Asien, Mexico und in die USA. Regelm\u00e4\u00dfig werden Projekte von Berger+Parkkinen auf der Architektur Biennale in Venedig und in London ausgestellt. Eine Monografie \u00fcber die Arbeit von Berger+Parkkinen Architekten ist in Vorbereitung und wir n\u00e4chstes Jahr erscheinen.<\/p>\n<p><strong>Aktuelle Projekte<\/strong> (Auszug)<\/p>\n<ul>\n<li>2000 &#8211; 2011 Bahnhofzentrum Altona, Hamburg, geladener Wettbewerb, 1. Preis<\/li>\n<li>2006 &#8211; 2008 Wohnhaus Silbergasse, Wien, Geladener Wettbewerb, 1. Preis (Realisierung)<\/li>\n<li>2006 &#8211; 2007 Museum MCUR (Maison des civilisations et de l\u00b4Unit\u00e9 R\u00e9unionaise), La R\u00e9union, Geladener Wettbewerb, 3. Preis<\/li>\n<li>2004 &#8211; 2007 Residenz der K\u00f6niglichen Norwegischen Botschaft, Wien , Umbau (Realisierung)<\/li>\n<li>2006 Th\u00e9\u00e2tre de Saint-Nazaire, Frankreich, Geladener Wettbewerb, 2. Preis<\/li>\n<\/ul>\n<\/div><\/div><\/div>\n<\/div><div class=\"clear\"><\/div>\n<div class=\"hr\"><\/div>\n<div class=\"grid one-half\">\n<h3>Karin Renner<\/h3>\n<p>RENNER HAINKE WIRTH ARCHITEKTEN GMBH | Hamburg<br \/>\n<a href=\"http:\/\/www.rhwarchitekten.de\" target=\"_blank\">www.rhwarchitekten.de<\/a><\/p>\n<p><img decoding=\"async\" loading=\"lazy\" class=\"alignnone size-full wp-image-369\" src=\"http:\/\/p210282.webspaceconfig.de\/wp-content\/uploads\/2013\/12\/Karin-Renner.jpg\" alt=\"Karin-Renner\" width=\"446\" height=\"289\" srcset=\"https:\/\/ait-xia-dialog.de\/tile-award\/wp-content\/uploads\/2013\/12\/Karin-Renner.jpg 446w, https:\/\/ait-xia-dialog.de\/tile-award\/wp-content\/uploads\/2013\/12\/Karin-Renner-300x194.jpg 300w\" sizes=\"(max-width: 446px) 100vw, 446px\" \/><\/p>\n<div class=\"toggle\"><div class=\"title\"><i class=\"icon\"><\/i>Vita<\/div><div class=\"inner\"><div class=\"content\">\nArchitektenkammer Hamburg, freischaffende Architektin, Nr.:46222000 Mitglied BDA Hamburg<br \/>\n2001 Mitglied Zonta Hamburg \/ international<\/p>\n<p><strong>Ausbildung<\/strong><\/p>\n<ul>\n<li>1963 geboren in Hannover<\/li>\n<li>1982 &#8211; 1990 Studium RWTH Aachen<\/li>\n<li>1985 &#8211; 1986 Jahres-Stipendium TH Delft, Niederlande Prof. H. Herzberger<\/li>\n<\/ul>\n<p><strong>Praxis<\/strong><\/p>\n<ul>\n<li>1985 &#8211; 1986 Ton Alberts Architecten, Amsterdam, NL<\/li>\n<li>1988 &#8211; 1989 Adele Naude Santos Architects, Philadelphia, USA<\/li>\n<li>1990 &#8211; 1991 Axel Schultes, BJSS, Berlin<\/li>\n<li>1991 &#8211; 1992 Alsop &amp; St\u00f6rmer Architects, London, GB<\/li>\n<li>1992 &#8211; 1997 Alsop &amp; St\u00f6rmer Architects, Hamburg, D1997<\/li>\n<li>B\u00fcrogr\u00fcndung Renner Architekten<\/li>\n<li>1999 Renner Hainke Wirth Architekten<\/li>\n<li>2007 Renner Hainke Wirth Architekten GmbH<\/li>\n<\/ul>\n<p><strong>Lehrt\u00e4tigkeit<\/strong><\/p>\n<ul>\n<li>1995 Tutor Winterschool, Universit\u00e4t Moskau<\/li>\n<li>1997 Gastdozentin RWTH Aachen, Lehrstuhl f\u00fcr Wohnbau, Seminar: Bauen im Bestand Ausstellungen, Auszeichnungen<\/li>\n<li>2001 &#8211; 2002 Lehrauftrag Fachhochschule Hamburg<\/li>\n<li>2002 Vortrag Hochschule f. Kunst u. Design, Halle<\/li>\n<li>2002 Vortrag TU Siegen<\/li>\n<li>2003 Gastdozentin Fachhochschule Mainz, Lehrstuhl f\u00fcr Geb\u00e4udelehre<\/li>\n<li>2004 Vortrag Muthesius Hochschule Kiel<\/li>\n<li>2004 Interimsjury TU Braunschweig Prof. R. Schuster<\/li>\n<li>2005 Seminar \u201eGender Studies\u201c TU Hamburg-Harburg, Prof. M. Jarchow<\/li>\n<li>2006 Gastkritik TU Hannover, Prof. H.Slawik<\/li>\n<li>2007 Gastseminar Universit\u00e4t M\u00fcnster<\/li>\n<li>2010 Vortrag Architekturforum L\u00fcbeck<\/li>\n<li>seit 2004 Preisrichterin f\u00fcr Wettbewerbe der Hansestadt Hamburg und IBA Hamburg<\/li>\n<\/ul>\n<p><strong>Das B\u00fcro<\/strong><br \/>\nIm Herzen von St.Pauli in Hamburg wurde 1997 das B\u00fcro geg\u00fcndet. Mit dem Neubau des Empfangsgeb\u00e4udes der Lufthansa Technik begann dann 1999 der Erfolg von \u201eRenner Hainke Wirth Architekten\u201c.<br \/>\nIn der Zwischenzeit ist das Architektenteam auf 25 Mitarbeiter gewachsen.Die Planungsschwerpunkte liegen im Entwurf sowie der Bauantragsplanung und Ausf\u00fchrungsplanung von hoch und st\u00e4dtebaulichen Projekten, st\u00e4dtebaulichen Rahmenpl\u00e4nen, Gutachten und Sanierungen. Die Planung hochwertiger Inneneinrichtungen, Licht- und Freiraumplanungen sowie die Visualisierung der Projekte erg\u00e4nzen die umfassenden T\u00e4tigkeiten innerhalb der B\u00fcrogemeinschaft B71. Aufgaben vom privaten Wohnhaus \u00fcber Fassadensanierungen und Umbauten, B\u00fcro- und Wohnbauten bis hin zu Verkehrsgeb\u00e4uden und Masterpl\u00e4nen bestimmen die Vielfalt des Leistungsspektrums des B\u00fcros. Die Teilnahme an nationalen und internationalen Wettbewerben sowie die Bearbeitung von Gutachten mit den daraus resultierenden Bauten bestimmen das Werk von Renner Hainke Wirth Architekten.<\/p>\n<p><strong>Statement<\/strong><br \/>\nJeder ist st\u00e4ndig mit Architektur konfrontiert. Architektur ist mehr als Gebrauchswertschaffung. Architektur ist gebautes Konzept mit Sinnlichkeit &#8211; oder auch nicht. Ein gutes Team von Investor, Nutzer und Architekt erkennt und erarbeitet, welche Nutzungen ein Ort braucht. Architektur mu\u00df ma\u00dfgeschneidert sein f\u00fcr den Ort, die Funktion, den Zeit- und Kostenrahmen und die Menschen. Die Gestaltung kommt anschlie\u00dfend, es ist die gestalterische Freiheit als sensible Antwort auf den Genius Loci. Die Kunst liegt in der Selbstbeschr\u00e4nkung der Mittel, in \u00e4sthetischer und \u00f6konomischer<br \/>\nHinsicht. Architektur mu\u00df eine Struktur haben und Stellung beziehen, denn sie ist und bleibt \u00f6ffentlich und greifbar.<\/p>\n<p><strong>Aktuelle Projekte<\/strong> (Auszug)<\/p>\n<ul>\n<li>205 &#8211; Innovation Center Lufthansa Technik Hamburg<\/li>\n<li>024 &#8211; Empfangsgeb\u00e4ude Lufthansa Basis,Hamburg<\/li>\n<li>106 &#8211; Falkenried Baufeld Hamburg Hoheluft<\/li>\n<li>229 &#8211; Hamburg Cruise Center II Hamburg-Altona<\/li>\n<li>121 &#8211; Hamburg Cruise Center HCC<\/li>\n<li>155 &#8211; Polizeistation Verkehrsstaffel Ost Hamburg-Wandsbek<\/li>\n<li>210 &#8211; de Scharnier Rotterdam<\/li>\n<li>249 &#8211; Realisierungswettbewerb Park Palais Oppenheim 1.Preis<\/li>\n<\/ul>\n<\/div><\/div><\/div>\n<\/div>\n<div class=\"grid one-half last\">\n<\/div><div class=\"clear\"><\/div>\n","protected":false},"excerpt":{"rendered":"<p>&nbsp;<\/p>\n","protected":false},"author":4,"featured_media":0,"parent":75,"menu_order":19,"comment_status":"closed","ping_status":"open","template":"page-templates\/child-menu-left.php","meta":[],"_links":{"self":[{"href":"https:\/\/ait-xia-dialog.de\/tile-award\/wp-json\/wp\/v2\/pages\/88"}],"collection":[{"href":"https:\/\/ait-xia-dialog.de\/tile-award\/wp-json\/wp\/v2\/pages"}],"about":[{"href":"https:\/\/ait-xia-dialog.de\/tile-award\/wp-json\/wp\/v2\/types\/page"}],"author":[{"embeddable":true,"href":"https:\/\/ait-xia-dialog.de\/tile-award\/wp-json\/wp\/v2\/users\/4"}],"replies":[{"embeddable":true,"href":"https:\/\/ait-xia-dialog.de\/tile-award\/wp-json\/wp\/v2\/comments?post=88"}],"version-history":[{"count":11,"href":"https:\/\/ait-xia-dialog.de\/tile-award\/wp-json\/wp\/v2\/pages\/88\/revisions"}],"predecessor-version":[{"id":2089,"href":"https:\/\/ait-xia-dialog.de\/tile-award\/wp-json\/wp\/v2\/pages\/88\/revisions\/2089"}],"up":[{"embeddable":true,"href":"https:\/\/ait-xia-dialog.de\/tile-award\/wp-json\/wp\/v2\/pages\/75"}],"wp:attachment":[{"href":"https:\/\/ait-xia-dialog.de\/tile-award\/wp-json\/wp\/v2\/media?parent=88"}],"curies":[{"name":"wp","href":"https:\/\/api.w.org\/{rel}","templated":true}]}}