{"id":87,"date":"2013-12-02T20:26:15","date_gmt":"2013-12-02T19:26:15","guid":{"rendered":"http:\/\/p210282.webspaceconfig.de\/wettbewerb\/2012-2\/teilnehmerinformationen\/"},"modified":"2014-07-16T17:57:05","modified_gmt":"2014-07-16T15:57:05","slug":"teilnehmerinformationen","status":"publish","type":"page","link":"https:\/\/ait-xia-dialog.de\/tile-award\/wettbewerb\/2012-2\/teilnehmerinformationen\/","title":{"rendered":"Thema und Kategorien"},"content":{"rendered":"<p>Aufgabe des Wettbewerbes ist es, einen Raum durch die Verwendung von Fliesen (neu) zu gestalten. Es gilt nicht, eine neue Fliese zu entwerfen, sondern vielmehr aufzuzeigen, wie Fliesen innovativ und kreativ Einsatz finden k\u00f6nnen. Dazu stehen drei Kategorien zur Auswahl. In jeder Kategorie darf pro Person eine Arbeit eingereicht werden. Ziel ist es, die besten Ideen zu realisieren und diese in einem Fotoshooting f\u00fcr eine aufwendige Architekturdokumentation abzubilden.<\/p>\n<div class=\"toggle\"><div class=\"title\"><i class=\"icon\"><\/i>KATEGORIE 1: HOTEL \/ GASTRONOMIE<\/div><div class=\"inner\"><div class=\"content\">\n<ul>\n<li>Hotelbar<\/li>\n<li>Hotelrestaurant mit offener Showk\u00fcche<\/li>\n<\/ul>\n<p>Offene K\u00fcchen in Hotels und der angrenzende Restaurantbereich oder eine Hotelbar soll in dieser Kategorie neu bzw. umgestaltet werden.<br \/>\n<\/div><\/div><\/div>\n<div class=\"toggle\"><div class=\"title\"><i class=\"icon\"><\/i>KATEGORIE 2: WELLNESS \/ SPA<\/div><div class=\"inner\"><div class=\"content\">\n<ul>\n<li>Wellness-Bereich in einem Day Spa<\/li>\n<li>Wellness-Bereich in einem Hotel<\/li>\n<\/ul>\n<p>Day Spas und Hotels verf\u00fcgen \u00fcber ganze Landschaften welche nur der Entspannung der G\u00e4ste dienen. W\u00e4hlen Sie einen typischen Bereich und gestalten Sie ihn neu.<br \/>\n<\/div><\/div><\/div>\n<div class=\"toggle\"><div class=\"title\"><i class=\"icon\"><\/i>KATEGORIE 3: HEALTH \/ CARE<\/div><div class=\"inner\"><div class=\"content\">\n<ul>\n<li>Neugeborenenstation<\/li>\n<li>Krei\u00dfsaal (maternity room)<\/li>\n<li>Eingangs- und Wartebereich<\/li>\n<\/ul>\n<p>Die Fliese spielt seit jeher eine wichtige Rolle im Healthcarebereich. Bei dieser Kategorie soll ein unkonventioneller Umgang mit dem Material in einer Neugeborenenstation gezeigt werden.<br \/>\n<\/div><\/div><\/div>\n<div class=\"toggle\"><div class=\"title\"><i class=\"icon\"><\/i>BEWERTUNGSKRITERIEN<\/div><div class=\"inner\"><div class=\"content\">\n<ul>\n<li>Idee<\/li>\n<li>Konzeption<\/li>\n<li>Innovation<\/li>\n<li>Gestaltungsqualit\u00e4t<\/li>\n<li>Komposition<\/li>\n<\/ul>\n<\/div><\/div><\/div>\n<p>&nbsp;<\/p>\n","protected":false},"excerpt":{"rendered":"<p>Aufgabe des Wettbewerbes ist es, einen Raum durch die Verwendung von Fliesen (neu) zu gestalten. Es gilt nicht, eine neue Fliese zu entwerfen, sondern vielmehr aufzuzeigen, wie Fliesen innovativ und kreativ Einsatz finden k\u00f6nnen. Dazu stehen drei Kategorien zur Auswahl. In jeder Kategorie darf pro Person eine Arbeit eingereicht werden. Ziel ist es, die besten [&hellip;]<\/p>\n","protected":false},"author":4,"featured_media":0,"parent":74,"menu_order":16,"comment_status":"closed","ping_status":"open","template":"page-templates\/child-menu-left.php","meta":[],"_links":{"self":[{"href":"https:\/\/ait-xia-dialog.de\/tile-award\/wp-json\/wp\/v2\/pages\/87"}],"collection":[{"href":"https:\/\/ait-xia-dialog.de\/tile-award\/wp-json\/wp\/v2\/pages"}],"about":[{"href":"https:\/\/ait-xia-dialog.de\/tile-award\/wp-json\/wp\/v2\/types\/page"}],"author":[{"embeddable":true,"href":"https:\/\/ait-xia-dialog.de\/tile-award\/wp-json\/wp\/v2\/users\/4"}],"replies":[{"embeddable":true,"href":"https:\/\/ait-xia-dialog.de\/tile-award\/wp-json\/wp\/v2\/comments?post=87"}],"version-history":[{"count":41,"href":"https:\/\/ait-xia-dialog.de\/tile-award\/wp-json\/wp\/v2\/pages\/87\/revisions"}],"predecessor-version":[{"id":1931,"href":"https:\/\/ait-xia-dialog.de\/tile-award\/wp-json\/wp\/v2\/pages\/87\/revisions\/1931"}],"up":[{"embeddable":true,"href":"https:\/\/ait-xia-dialog.de\/tile-award\/wp-json\/wp\/v2\/pages\/74"}],"wp:attachment":[{"href":"https:\/\/ait-xia-dialog.de\/tile-award\/wp-json\/wp\/v2\/media?parent=87"}],"curies":[{"name":"wp","href":"https:\/\/api.w.org\/{rel}","templated":true}]}}