{"id":75,"date":"2013-12-02T20:26:14","date_gmt":"2013-12-02T19:26:14","guid":{"rendered":"http:\/\/p210282.webspaceconfig.de\/wettbewerb\/2010-2\/"},"modified":"2014-07-21T10:37:31","modified_gmt":"2014-07-21T08:37:31","slug":"2010-2","status":"publish","type":"page","link":"https:\/\/ait-xia-dialog.de\/tile-award\/wettbewerb\/2010-2\/","title":{"rendered":"2010"},"content":{"rendered":"<h2>Pressemitteilung<\/h2>\n<h2>NEWCOMER WETTBEWERB \u201eTile Award\u201c<\/h2>\n<p><strong>Wettbewerb f\u00fcr Architekten und Innenarchitekten unter 35 Jahren<\/strong><\/p>\n<p>Hamburg, 19.05.2010 &#8211; Mit dem Wettbewerb \u201eTile Award\u201c lobte die Architekturzeitschrift AIT in Kooperation mit AGROB BUCHTAL einen kreativen Ideenwettbewerb zum Thema Fliese aus. Er richtete sich an Architekten und Innenarchitekten unter 35 Jahren.<\/p>\n<p>Inhalt der Wettbewerbsaufgabe war es neue, unkonventionelle und aufsehenerregende Interieurs mit dem Material Fliese zu gestalten. Gesucht waren kreative und ungew\u00f6hnliche Ideen, die die vielf\u00e4ltigen Gestaltungsm\u00f6glichkeiten des Materials aufzeigen.<\/p>\n<p>Architekten und Innenarchitekten aus ganz Europa waren aufgerufen ihre Entw\u00fcrfe einzusenden.<br \/>\nInsgesamt wurden 51 Arbeiten eingereicht. Aus einer Vielzahl von qualitativ hochwertigen Einsendungen hat die Jury insgesamt sieben Gewinner ausgew\u00e4hlt. Zus\u00e4tzlich wurden drei besondere Auszeichnungen vergeben.<\/p>\n<p><strong>Der Jury geh\u00f6rten folgende renommierte Juroren an:<\/strong><br \/>\nSabine Krumrey, brandherm + krumrey innenarchitektur, DE-Hamburg<br \/>\nTiina Parkkinen, Berger + Parkkinen Architekten, AT-Wien<br \/>\nKarin Renner, RENNER HAINKE WIRTH ARCHITEKTEN GMBH, DE-Hamburg<\/p>\n<p><strong>Die Gewinner des Wettbewers und somit Teilnehmer der Workshopreise nach Marrakesch sind:<\/strong><br \/>\nIvonne Hater, RKW Architektur + St\u00e4dtebau, DE-D\u00fcsseldorf<br \/>\nPhilipp Herrich, STELLWERK architekten, DE-Dresden<br \/>\nGero Kindermann, STUDIO KK, DE-Hamburg<br \/>\nMelinda K\u00fchn, DED\u00fcsseldorf<br \/>\nViola M\u00fcller, freie Architektin, DE-Pfinztal<br \/>\nIvana Popovic, im.architektur, RS-Belgrad<br \/>\nFlorian Spaelty, DE-Berlin<\/p>\n<p><strong>Folgende Teilnehmer erhalten eine besondere Auszeichnung:<\/strong><br \/>\nAlbuquerque Goinhas, EMBAIXADA arquitectura, PT-Lissabon<br \/>\nErin Moon, saraspiro sa, CH-Z\u00fcrich<br \/>\nJan Viertel, DE-Berlin<\/p>\n<p>W\u00e4hrend eines Workshops vom 8.-12. Juni 2010 in Marrakesch haben die Gewinner die M\u00f6glichkeit ihre Ergebnisse vorzustellen und diese gemeinsam mit Experten von Deutsche Steinzeug weiter zu entwickeln.<\/p>\n<p>Bei R\u00fcckfragen senden Sie bitte eine E-Mail an folgende Adresse:<br \/>\ntile-award@ait-online.de<\/p>\n<div class=\"hr\"><\/div>\n","protected":false},"excerpt":{"rendered":"<p>Pressemitteilung NEWCOMER WETTBEWERB \u201eTile Award\u201c Wettbewerb f\u00fcr Architekten und Innenarchitekten unter 35 Jahren Hamburg, 19.05.2010 &#8211; Mit dem Wettbewerb \u201eTile Award\u201c lobte die Architekturzeitschrift AIT in Kooperation mit AGROB BUCHTAL einen kreativen Ideenwettbewerb zum Thema Fliese aus. Er richtete sich an Architekten und Innenarchitekten unter 35 Jahren. Inhalt der Wettbewerbsaufgabe war es neue, unkonventionelle und [&hellip;]<\/p>\n","protected":false},"author":4,"featured_media":0,"parent":17,"menu_order":5,"comment_status":"closed","ping_status":"open","template":"page-templates\/child-menu-left.php","meta":[],"_links":{"self":[{"href":"https:\/\/ait-xia-dialog.de\/tile-award\/wp-json\/wp\/v2\/pages\/75"}],"collection":[{"href":"https:\/\/ait-xia-dialog.de\/tile-award\/wp-json\/wp\/v2\/pages"}],"about":[{"href":"https:\/\/ait-xia-dialog.de\/tile-award\/wp-json\/wp\/v2\/types\/page"}],"author":[{"embeddable":true,"href":"https:\/\/ait-xia-dialog.de\/tile-award\/wp-json\/wp\/v2\/users\/4"}],"replies":[{"embeddable":true,"href":"https:\/\/ait-xia-dialog.de\/tile-award\/wp-json\/wp\/v2\/comments?post=75"}],"version-history":[{"count":19,"href":"https:\/\/ait-xia-dialog.de\/tile-award\/wp-json\/wp\/v2\/pages\/75\/revisions"}],"predecessor-version":[{"id":2153,"href":"https:\/\/ait-xia-dialog.de\/tile-award\/wp-json\/wp\/v2\/pages\/75\/revisions\/2153"}],"up":[{"embeddable":true,"href":"https:\/\/ait-xia-dialog.de\/tile-award\/wp-json\/wp\/v2\/pages\/17"}],"wp:attachment":[{"href":"https:\/\/ait-xia-dialog.de\/tile-award\/wp-json\/wp\/v2\/media?parent=75"}],"curies":[{"name":"wp","href":"https:\/\/api.w.org\/{rel}","templated":true}]}}