{"id":74,"date":"2013-12-02T20:26:14","date_gmt":"2013-12-02T19:26:14","guid":{"rendered":"http:\/\/p210282.webspaceconfig.de\/wettbewerb\/2012-2\/"},"modified":"2017-07-24T09:23:36","modified_gmt":"2017-07-24T07:23:36","slug":"2012-2","status":"publish","type":"page","link":"https:\/\/ait-xia-dialog.de\/tile-award\/wettbewerb\/2012-2\/","title":{"rendered":"2012"},"content":{"rendered":"<h2>Pressemitteilung<\/h2>\n<h3>NEWCOMER WETTBEWERB \u201eTile Award 2012\u201c die Preistr\u00e4ger stehen fest<\/h3>\n<p><strong>Wettbewerb f\u00fcr Architekten und Innenarchitekten unter 35 Jahren<\/strong><\/p>\n<p>Hamburg, 29. Juni 2012 &#8211; Mit dem von AIT und Agrob Buchtal ausgelobten \u201eTile Award\u201c wurden &#8211; bereits zum zweiten Mal &#8211; junge Architekten und Innenarchitekten unter 35 Jahren aus ganz Europa dazu aufgerufen, sich ganz neue und noch nie gesehene Gedanken \u00fcber die Verwendung von Fliesen im Innenraum zu machen. Und zwar ganz bewusst jenseits der beschriebenen, traditionellen \u00c4sthetik.<\/p>\n<p>Mehr als 60 B\u00fcros folgten dem Aufruf und 10 davon schafften es in die zweite Runde &#8211; teils als Wildcard-Teilnehmer teils als Qualifikanten \u00fcber die erste Runde des Wettbewerbes. In einem 5t\u00e4gigen Workshop an der Amalfik\u00fcste galt es, die ersten Ans\u00e4tze in einem dreidimensionalen Entwurf zu vertiefen. Die Teilnehmer kamen aus Deutschland, \u00d6sterreich und der Schweiz, Finnland, D\u00e4nemark, Frankreich, Gro\u00df-Britannien, den Niederlanden und China.<\/p>\n<p>\u00dcber Workshopteilnehmer und Award-Gewinner entschied eine renommierte Jury. Sie w\u00e4hlten in den drei Kategorien \u201eHotel \/ Gastronomie\u201c, \u201eWellness \/ Spa\u201c und \u201eHealth \/ Care\u201c drei 1. Preise sowie ein Sonderpreis aus. Diese Entw\u00fcrfe werden nun gebaut und professionell fotografiert. Die Ausstellung aller Entw\u00fcrfe wird im Rahmen der Messe Bau 2013 in M\u00fcnchen zu sehen sein.<\/p>\n<p><strong>Der Jury geh\u00f6rten folgende renommierte Juroren an:<\/strong><br \/>\nPetra Wollenberg, lwa leyk wollenberg architekten, DE-Berlin<br \/>\nWillem Bruijn, Partner bei Baumschlager Eberle, DE-Lochau<br \/>\nRaimund Docmac, studiodocmac, DE-Stuttgart<\/p>\n<p><strong>Die Gewinner der zweiten Wettbewerbsphase sind:<\/strong><br \/>\nKATEGORIE 1: HOTEL\/GASTRONOMIE<br \/>\nIrritierBAR | Filiz Uysaler, filiz. Architektur.Innenarchitektur.Produktdesign, DE-Malsch V\u00f6lkersbach<\/p>\n<p>KATEGORIE 2: WELLNESS\/SPA<br \/>\nTilescape | Agata Wo\u017aniczka, BudCud, PL-Krakow<\/p>\n<p>SONDERPREIS:<br \/>\nCeramic Curtain | Sebastian Brunke, Delugan Meissl Associated Architects, AT-Austria<\/p>\n<p>KATEGORIE 3: HEALTH\/CARE<br \/>\nSHAKTI | Franziska Crivelli, Atelier Crivelli, CH-Zumikon<\/p>\n<p><strong>Die Gewinner der ersten Wettbewerbsphase und somit Teilnehmer der Workshopreise an die Amalfik\u00fcste waren:<\/strong><br \/>\nAtelier Crivelli Innenarchitektur, Franziska Crivelli, CH-Zumikon, www.atelier-crivelli.ch<br \/>\nBudCud, Agata Wo\u017aniczka, PL-Krakow, www.budcud.org<br \/>\nConcrete architectural associates, Cindy Wouters, NL Amsterdam, www.concreteamsterdam.nl<br \/>\nDaniel Widrig, GB-London, www.danielwidrig.com<br \/>\nDelugan Meissl Associated Architects, Sebastian Brunke, AT-Wien, www.deluganmeissl.at<br \/>\nfiliz. Architektur. Innenarchitektur. Produktdesign., Filiz Uysaler, DE- Malsch V\u00f6lkersbach<br \/>\nGRAFT, Sun Da Yong, CN-Beijing, www.graftlab.com<br \/>\nJOI-Design, Lea Bohm, DE-Hamburg, www.JOI-Design.com<br \/>\nMadleena Larivaara, Architect maa, FI- Oulu \/ DK &#8211; Copenhagen<br \/>\nScalaa Architectes (freelance), Melodia Semichon, FR Paris, www.scalaa-architectes.com<\/p>\n<p>Bei R\u00fcckfragen senden Sie bitte eine E-Mail an folgende Adresse: tile-award@ait-online.de<\/p>\n","protected":false},"excerpt":{"rendered":"<p>Pressemitteilung NEWCOMER WETTBEWERB \u201eTile Award 2012\u201c die Preistr\u00e4ger stehen fest Wettbewerb f\u00fcr Architekten und Innenarchitekten unter 35 Jahren Hamburg, 29. Juni 2012 &#8211; Mit dem von AIT und Agrob Buchtal ausgelobten \u201eTile Award\u201c wurden &#8211; bereits zum zweiten Mal &#8211; junge Architekten und Innenarchitekten unter 35 Jahren aus ganz Europa dazu aufgerufen, sich ganz neue [&hellip;]<\/p>\n","protected":false},"author":4,"featured_media":0,"parent":17,"menu_order":3,"comment_status":"closed","ping_status":"open","template":"page-templates\/child-menu-left.php","meta":[],"_links":{"self":[{"href":"https:\/\/ait-xia-dialog.de\/tile-award\/wp-json\/wp\/v2\/pages\/74"}],"collection":[{"href":"https:\/\/ait-xia-dialog.de\/tile-award\/wp-json\/wp\/v2\/pages"}],"about":[{"href":"https:\/\/ait-xia-dialog.de\/tile-award\/wp-json\/wp\/v2\/types\/page"}],"author":[{"embeddable":true,"href":"https:\/\/ait-xia-dialog.de\/tile-award\/wp-json\/wp\/v2\/users\/4"}],"replies":[{"embeddable":true,"href":"https:\/\/ait-xia-dialog.de\/tile-award\/wp-json\/wp\/v2\/comments?post=74"}],"version-history":[{"count":20,"href":"https:\/\/ait-xia-dialog.de\/tile-award\/wp-json\/wp\/v2\/pages\/74\/revisions"}],"predecessor-version":[{"id":2137,"href":"https:\/\/ait-xia-dialog.de\/tile-award\/wp-json\/wp\/v2\/pages\/74\/revisions\/2137"}],"up":[{"embeddable":true,"href":"https:\/\/ait-xia-dialog.de\/tile-award\/wp-json\/wp\/v2\/pages\/17"}],"wp:attachment":[{"href":"https:\/\/ait-xia-dialog.de\/tile-award\/wp-json\/wp\/v2\/media?parent=74"}],"curies":[{"name":"wp","href":"https:\/\/api.w.org\/{rel}","templated":true}]}}