{"id":73,"date":"2013-12-02T20:26:14","date_gmt":"2013-12-02T19:26:14","guid":{"rendered":"http:\/\/p210282.webspaceconfig.de\/wettbewerb\/2014-2\/"},"modified":"2017-03-10T13:37:27","modified_gmt":"2017-03-10T12:37:27","slug":"2014-2-2","status":"publish","type":"page","link":"https:\/\/ait-xia-dialog.de\/tile-award\/wettbewerb\/2014-2-2\/","title":{"rendered":"2014"},"content":{"rendered":"<h2>Pressemitteilung<\/h2>\n<p>Hamburg, 23.06.2014<\/p>\n<h3>Aus dem TILE AWARD 2014 gehen zwei Gewinner und zwei Besondere Auszeichnungen hervor<\/h3>\n<p>In der zweiten Jurysitzung, die am 23. Juni 2014 im AIT-ArchitekturSalon Hamburg stattfand, w\u00e4hlte die Jury, bestehend aus Manuelle Gautrand (Manuelle Gautrand Architecture, FR-Paris), Ushi Tamborriello (ushitamborriello Innenarchitektur &amp; Szenenbild, CH-Rieden bei Baden) und G\u00fcnter Katherl (caramel architekten zt GmbH, AT-Wien\/Linz), die aussagekr\u00e4ftigsten Entw\u00fcrfe als Gewinner des dritten TILE AWARDS aus.<\/p>\n<p><strong>Preistr\u00e4ger<\/strong><\/p>\n<div class=\"grid one-half\">\n<strong>Kategorie Lernen<\/strong><br \/>\nLearning Landscapes | Marieke Kums, STUDIO MAKS, NL-Rotterdam<\/p>\n<\/div>\n<div class=\"grid one-half last\">\n<strong>Kategorie Wellness \/ SPA<\/strong><br \/>\nVolumetric Light | Ana Fonseca, DigitaLab, PT-S\u00e3o Jo\u00e3o da Madeira<\/p>\n<\/div><div class=\"clear\"><\/div>\n<p><strong>Besondere Auszeichnung<\/strong><\/p>\n<div class=\"grid one-half\">\n<strong>Kategorie Wohnen<\/strong><br \/>\nPat(t)io | Mariana Sarbova, MOTTO architectural studio, BG-Burgas<\/p>\n<\/div>\n<div class=\"grid one-half last\">\n<strong>Kategorie Lernen<\/strong><br \/>\nTiles\u2019 pographic | Marine Sulmont, FR-S\u00e9n\u00e9chas<\/p>\n<\/div><div class=\"clear\"><\/div>\n<p>Die Designs der zwei Gewinner werden als Mock-up 1:1 realisiert und in einem professionellen Fotoshooting dokumentiert.<\/p>\n<p>Zum TILE AWARD 2014 wurden insgesamt 45 Projekte aus 17 L\u00e4ndern eingereicht. Aufgabenstellung war es, einen Raum innovativ und kreativ durch die Verwendung von Fliesen zu gestalten und somit die vielf\u00e4ltigen M\u00f6glichkeiten des Materials aufzuzeigen. Die Jury selektierte im ersten Durchgang zehn aufsehenerregende Interpretationen zum Thema. Diese wurden im Mai 2014 auf einer Workshopreise nach S\u00fcdindien ausgearbeitet und f\u00fcr eine m\u00f6gliche Realisierung detailliert. Vor Ort waren auch Experten von AGROB BUCHTAL, die f\u00fcr Rat zur Seite standen.<\/p>\n<p>Seit 2010 lobt AGROB BUCHTAL in Zusammenarbeit mit AIT\/GKT den internationalen Newcomer Wettbewerb TILE AWARD aus, zu dem Architekten und Innenarchitekten unter 35 Jahren aufgerufen werden, kreative Ideen zum Material Keramikfliese zu entwickeln.<\/p>\n<p>Eine Sonderbrosch\u00fcre von AGROB BUCHTAL wird die zehn besten Ideen zum Wettbewerb beinhalten.<\/p>\n<div class=\"hr\"><\/div>\n<p>Hamburg, 17.04.2014<\/p>\n<h3>Die Preistr\u00e4ger des Internationalen Newcomer Wettbewerbs \u201eTILE AWARD\u201c stehen fest<\/h3>\n<p>Zum dritten Mal wurde der \u201eTile Award\u201c vom Architekturkeramikspezialisten AGROB BUCHTAL in Zusammenarbeit mit der AIT\/GKT ausgelobt. Junge internationale Architekten und Innenarchitekten unter 35 Jahren waren aufgerufen, kreative Ideen zum Material Keramikfliese zu entwickeln.<\/p>\n<p>Aufgabe des Wettbewerbs war es, einen Raum innovativ und kreativ durch die Verwendung von Fliesen zu gestalten und somit die vielf\u00e4ltigen M\u00f6glichkeiten des Materials aufzuzeigen. Die Teilnehmer konnten in den drei vorgegebenen Kategorien LERNEN, WOHNEN und WELLNESS\/SPA jeweils einen Entwurf einreichen.<\/p>\n<p>Als Jury w\u00e4hlten Manuelle Gautrand (Manuelle Gautrand Architecture, FR- Paris), Ushi Tamborriello (ushitamborriello Innenarchitektur &amp; Szenenbild, CH- Rieden bei Baden) und G\u00fcnter Katherl (caramel architekten zt GmbH, AT- Wien\/Linz) aus 45 Einreichungen aus 17 L\u00e4ndern die zehn besten Entw\u00fcrfe des \u201eTILE AWARD 2014\u201c aus.<\/p>\n<p>Folgende Projekte haben in den einzelnen Kategorien gewonnen:<\/p>\n<p>KATEGORIE LERNEN<br \/>\nKaleidoscope | Elizabeth Kiely, IE- Cork<br \/>\nLearning Landscapes | Marieke Kums, STUDIO MAKS, NL- Rotterdam<br \/>\nTiles\u2019 pographic | Marine Sulmont, FR- S\u00e9n\u00e9chas<\/p>\n<p>KATEGORIE WOHNEN<br \/>\nHotileca | Joan Alomar &amp; Conxa Gen\u00e9, ESTUDIO LUNAR, NL- Rotterdam<br \/>\nPat(t)io | Mariana Sarbova, MOTTO architectural studio, BGR- Burgas<\/p>\n<p>KATEGORIE WELLNESS\/ SPA<br \/>\nCaldarium | Anna Akulinskaya, Vlad Kozlovskiy Interior Design, RU- Moskau<br \/>\nTiles of nature \/ Tiles as nature | Victoria Diemer Bennetzen, KATOxVictoria, DK- Kopenhagen<br \/>\nHammam: authenticity &amp; contemporaneity | Hicham El Kandoussi, JLA studio, MA- Rabat<br \/>\nVolumetric Light | Ana Fonseca, DigitaLab, PRT- S\u00e3o Jo\u00e3o da Madeira<br \/>\nCentre | Daniel T. O\u2019Dowd, GB- Edinburgh<\/p>\n<p>Die Preistr\u00e4ger werden vom 15. bis 20. Mai 2014 auf eine Workshopreise nach S\u00fcdindien eingeladen. Dort haben sie die M\u00f6glichkeit, ihre eingereichten Entw\u00fcrfe zusammen mit Experten von AGROB BUCHTAL weiterzuentwickeln.<\/p>\n<div class=\"hr\"><\/div>\nHamburg, 16. Januar 2014<\/p>\n<h3>NEWCOMER WETTBEWERB \u201eTile Award 2014\u201c<\/h3>\n<p>Wettbewerb f\u00fcr Architekten und Innenarchitekten unter 35 Jahren<br \/>\n\u201eTile Award 2014\u201c: bis 10. Februar 2014 registrieren!<\/p>\n<p>Zum dritten Mal sind beim Newcomer Wettbewerb \u201eTile Award\u201c von AGROB BUCHTAL in Zusammenarbeit mit der AIT\/GKT, Architekten und Innenarchitekten unter 35 Jahren gefragt, neue, unkonventionelle und aufsehenerregende Interieurs mit dem Material Keramikfliese zu gestalten. Gesucht werden kreative und fortschrittliche Ideen, welche die vielf\u00e4ltigen Gestaltungsm\u00f6glichkeiten des Materials aufzeigen.<\/p>\n<p><strong>TERMINE<\/strong><br \/>\n10. Februar 2014 Registrierungsschluss<br \/>\n 3. M\u00e4rz 2014 Einsendeschluss<br \/>\n 4. April 2014 Jurysitzung 1<br \/>\n 6. Mai 2014 bis 11.Mai 2014 Workshop mit den Gewinnern<br \/>\n 6. Juni 2014 Jurysitzung 2<br \/>\nIm Anschluss Bau- und Fotoshooting der Gewinnerentw\u00fcrfe<\/p>\n<p><strong>THEMA, ABLAUF UND ZIEL<\/strong><br \/>\nAufgabe des Wettbewerbes ist es, einen Raum durch die Verwendung von Fliesen (neu) zu gestalten. Es gilt nicht, eine neue Fliese zu entwerfen, sondern vielmehr aufzuzeigen, wie Fliesen innovativ und kreativ geplant werden k\u00f6nnen. Drei Kategorien stehen zur Auswahl. Die Teilnehmer d\u00fcrfen in jeder Kategorie eine Arbeit einreichen. Ziel ist es, die besten Ideen zu realisieren und diese in einem Fotoshooting f\u00fcr eine aufwendige Architekturpublikation abzubilden.<\/p>\n<p>Phase I<\/strong><br \/>\nAus allen eingereichten Arbeiten werden zehn der besten Ideen von einer renommierten Fachjury ausgew\u00e4hlt, die sich wie folgt zusammensetzt: Manuelle Gautrand (MANUELLE GAUTRAND ARCHITECTURE, Paris), Ushi Tamborriello (ushitamborriello Innenarchitektur &#038; Szenenbild, Rieden bei Baden) und G\u00fcnter Katherl (caramel architekten zt GmbH, Wien\/Linz).<\/p>\n<p>Phase II<\/strong><br \/>\nDie Gewinner werden zu einem Workshop nach S\u00fcdindien eingeladen. Dort bekommen sie die M\u00f6glichkeit, ihre Ergebnisse vorzustellen und ihre Ideen gemeinsam mit Experten von AGROB BUCHTAL weiter zu entwickeln. F\u00fcr den Entwurf werden im Rahmen des Workshops Grundrisse und Isometrien entwickelt. Der Realisierungsrahmen und das Budget sind vorher festgelegt und die Arbeiten k\u00f6nnen im Bezug auf eine eventuelle Realisierbarkeit verfeinert werden.<\/p>\n<p>Nach dem Workshop findet die zweite Jurysitzung statt, in der die kreativsten Resultate ausgew\u00e4hlt werden. Diese Arbeiten werden 1:1 umgesetzt und im Rahmen eines professionellen Fotoshootings dokumentiert.<br \/>\nWie das Material Fliese angewendet wird, ist dem Gestalter \u00fcberlassen. Als Basis f\u00fcr den Ideenwettbewerb kann zum Beispiel ein Geb\u00e4ude aus der eigenen Stadt ausgew\u00e4hlt werden, in dem ein Raum umgestaltet oder neugestaltet wird. Ebenso kann ein fiktiver Raum Ausgangspunkt der Gestaltung sein.<br \/>\nDer Entwurf kann als Zeichnung, Fotomontage oder Visualisierung eingereicht werden.<\/p>\n","protected":false},"excerpt":{"rendered":"<p>Pressemitteilung Hamburg, 23.06.2014 Aus dem TILE AWARD 2014 gehen zwei Gewinner und zwei Besondere Auszeichnungen hervor In der zweiten Jurysitzung, die am 23. Juni 2014 im AIT-ArchitekturSalon Hamburg stattfand, w\u00e4hlte die Jury, bestehend aus Manuelle Gautrand (Manuelle Gautrand Architecture, FR-Paris), Ushi Tamborriello (ushitamborriello Innenarchitektur &amp; Szenenbild, CH-Rieden bei Baden) und G\u00fcnter Katherl (caramel architekten zt [&hellip;]<\/p>\n","protected":false},"author":4,"featured_media":412,"parent":17,"menu_order":2,"comment_status":"closed","ping_status":"closed","template":"page-templates\/child-menu-left.php","meta":[],"_links":{"self":[{"href":"https:\/\/ait-xia-dialog.de\/tile-award\/wp-json\/wp\/v2\/pages\/73"}],"collection":[{"href":"https:\/\/ait-xia-dialog.de\/tile-award\/wp-json\/wp\/v2\/pages"}],"about":[{"href":"https:\/\/ait-xia-dialog.de\/tile-award\/wp-json\/wp\/v2\/types\/page"}],"author":[{"embeddable":true,"href":"https:\/\/ait-xia-dialog.de\/tile-award\/wp-json\/wp\/v2\/users\/4"}],"replies":[{"embeddable":true,"href":"https:\/\/ait-xia-dialog.de\/tile-award\/wp-json\/wp\/v2\/comments?post=73"}],"version-history":[{"count":19,"href":"https:\/\/ait-xia-dialog.de\/tile-award\/wp-json\/wp\/v2\/pages\/73\/revisions"}],"predecessor-version":[{"id":2898,"href":"https:\/\/ait-xia-dialog.de\/tile-award\/wp-json\/wp\/v2\/pages\/73\/revisions\/2898"}],"up":[{"embeddable":true,"href":"https:\/\/ait-xia-dialog.de\/tile-award\/wp-json\/wp\/v2\/pages\/17"}],"wp:featuredmedia":[{"embeddable":true,"href":"https:\/\/ait-xia-dialog.de\/tile-award\/wp-json\/wp\/v2\/media\/412"}],"wp:attachment":[{"href":"https:\/\/ait-xia-dialog.de\/tile-award\/wp-json\/wp\/v2\/media?parent=73"}],"curies":[{"name":"wp","href":"https:\/\/api.w.org\/{rel}","templated":true}]}}