{"id":644,"date":"2013-12-06T00:19:33","date_gmt":"2013-12-05T23:19:33","guid":{"rendered":"http:\/\/p210282.webspaceconfig.de\/?page_id=644"},"modified":"2014-07-03T12:23:12","modified_gmt":"2014-07-03T10:23:12","slug":"preistraeger-2012","status":"publish","type":"page","link":"https:\/\/ait-xia-dialog.de\/tile-award\/teilnehmer\/teilnehmer-2012\/preistraeger-2012\/","title":{"rendered":"Preistraeger 2012"},"content":{"rendered":"<p>Juryurteile Tile Award 2012 | 29. Juni 2012 | Hamburg<\/p>\n<h3>Gewinner: Kategorie 1 \u2013 Hotel \/ Gastronomie<\/h3>\n<p><strong>\u201eIrritierBAR\u201c \u2013 <a href=\"https:\/\/ait-xia-dialog.de\/tile-award\/teilnehmer\/teilnehmer-2012\/filiz-uysaler-filiz\/\" title=\"Filiz Uysaler \u2013 filiz\">Filiz Uysaler<\/a><br \/>\nfiliz. Architektur. Innenarchitektur. Produktdesign., Deutschland<\/strong><\/p>\n<div id=\"attachment_668\" style=\"width: 1010px\" class=\"wp-caption alignnone\"><img aria-describedby=\"caption-attachment-668\" decoding=\"async\" loading=\"lazy\" class=\"size-full wp-image-668 \" alt=\"IrritierBAR \u2013 Filiz Uysaler\" src=\"http:\/\/p210282.webspaceconfig.de\/wp-content\/uploads\/2013\/12\/IrritierBAR-02.jpg\" width=\"1000\" height=\"631\" srcset=\"https:\/\/ait-xia-dialog.de\/tile-award\/wp-content\/uploads\/2013\/12\/IrritierBAR-02.jpg 1000w, https:\/\/ait-xia-dialog.de\/tile-award\/wp-content\/uploads\/2013\/12\/IrritierBAR-02-300x189.jpg 300w, https:\/\/ait-xia-dialog.de\/tile-award\/wp-content\/uploads\/2013\/12\/IrritierBAR-02-640x403.jpg 640w\" sizes=\"(max-width: 1000px) 100vw, 1000px\" \/><p id=\"caption-attachment-668\" class=\"wp-caption-text\">IrritierBAR \u2013 Filiz Uysaler<\/p><\/div>\n<div class=\"toggle\"><div class=\"title\"><i class=\"icon\"><\/i>Details<\/div><div class=\"inner\"><div class=\"content\">\nDie Arbeit von Filiz wurde in der zweiten Bearbeitungsphase nochmals weiterentwickelt hinsichtlich eines dreidimensionaleren Einsatzes der Fliesen. Dabei entstanden komplexe Wandreliefs und Einbauten.<\/p>\n<p>Die Jury honoriert die engagierte Weiterbearbeitung, stellt jedoch fest, dass die Arbeit im Vergleich zum urspr\u00fcnglichen Entwurf an Klarheit und \u00dcberzeugungskraft verloren hat und empfiehlt &#8211; gerade bei der konkreten Umsetzung des Projekts &#8211; das vielversprechende Potential des Entwurfs zu st\u00e4rken: mit einem einzigen geschnittenen Fliesenformat vielf\u00e4ltige zweidimensionale Muster entstehen zu lassen und dabei alle dreidimensionalen Objekte wie Regale, Bars und Sitzgelegenheiten kubisch substraktiv als Nische oder additiv als Quader zu behandeln. Alle Oberfl\u00e4chen sollten dabei wie in der Ansicht des ersten Entwurfs dargestellt monochrom gehalten bleiben, sodass der irritierende Reiz des Entwurfs sich aus dem Fugenbild ergibt, das einfach herzustellen ist, aber eine geniale raumgreifende Wirkung erzeugt.<\/div><\/div><\/div>\n<p>&nbsp;<\/p>\n<h3>Gewinner: Kategorie 2 \u2013 Wellness \/ Spa<\/h3>\n<p><strong>\u201eTilescape\u201c &#8211; <a title=\"Agata Wozniczka \u2013 BudCud\" href=\"\/teilnehmer\/teilnehmer-2012\/agata-wozniczka-budcud\/\">Agata Wozniczka<\/a>, BudCud, Polen<\/strong><\/p>\n<div id=\"attachment_671\" style=\"width: 1010px\" class=\"wp-caption alignnone\"><img aria-describedby=\"caption-attachment-671\" decoding=\"async\" loading=\"lazy\" class=\"size-full wp-image-671\" alt=\"Tilescape \u2013 Agata Wozniczka, BudCud, Polen\" src=\"http:\/\/p210282.webspaceconfig.de\/wp-content\/uploads\/2013\/12\/Tilescape-01.jpg\" width=\"1000\" height=\"631\" srcset=\"https:\/\/ait-xia-dialog.de\/tile-award\/wp-content\/uploads\/2013\/12\/Tilescape-01.jpg 1000w, https:\/\/ait-xia-dialog.de\/tile-award\/wp-content\/uploads\/2013\/12\/Tilescape-01-300x189.jpg 300w, https:\/\/ait-xia-dialog.de\/tile-award\/wp-content\/uploads\/2013\/12\/Tilescape-01-640x403.jpg 640w\" sizes=\"(max-width: 1000px) 100vw, 1000px\" \/><p id=\"caption-attachment-671\" class=\"wp-caption-text\">Tilescape \u2013 Agata Wozniczka, BudCud, Polen<\/p><\/div>\n<div class=\"toggle\"><div class=\"title\"><i class=\"icon\"><\/i>Details<\/div><div class=\"inner\"><div class=\"content\">\nBudcud gelingt durch eine einfache Kombination und Variation von unterschiedlich gro\u00dfen, rechteckigen Fliesen eine interessante \u201eVerr\u00e4umlichung\u201c der Oberfl\u00e4che. Die sukzessive Verkleinerung der Fliesen und die damit verbundene Zunahme des Fugenanteils erzeugen spannende Graduationen von hell zu dunkel.<br \/>\nDie zweidimensionale Fl\u00e4che der Raum begrenzenden W\u00e4nde, Decke und Boden wird in der Wahrnehmung der Betrachter zu einem dreidimensionalen Bild. Die Raumkanten scheinen sich aufzul\u00f6sen, der Raum setzt sich ins \u201eUnendliche\u201c fort. Die Spa Nutzer erleben hier einen au\u00dfergew\u00f6hnlichen Raum, der sie weit \u00fcber ihre allt\u00e4glichen r\u00e4umlichen Erfahrungen in eine Illusion entf\u00fchrt.<br \/>\nFasziniert hat die Jury der \u00fcberaus einfache und sensible Umgang mit dem Material Fliese, der zu einem sehr \u00fcberzeugenden Ergebnis f\u00fchrt. Es entsteht eine optische T\u00e4uschung, die Oberfl\u00e4che wird Raum.<\/div><\/div><\/div>\n<p>&nbsp;<\/p>\n<h3>Sonderpreis: Kategorie 2 \u2013 Wellness \/ Spa<\/h3>\n<p><strong>\u201eCeramic Curtain\u201c &#8211; <a title=\"Sebastian Brunke \u2013 Delugan Meissl\" href=\"\/teilnehmer\/teilnehmer-2012\/sebastian-brunke-delugan-meissl\/\">Sebastian Brunke<\/a><br \/>\nDelugan Meissl Associated Architects, \u00d6sterreich<\/strong><\/p>\n<div id=\"attachment_674\" style=\"width: 1010px\" class=\"wp-caption alignnone\"><img aria-describedby=\"caption-attachment-674\" decoding=\"async\" loading=\"lazy\" class=\"size-full wp-image-674\" alt=\"Ceramic Curtain \u2013 Sebastian Brunke\" src=\"http:\/\/p210282.webspaceconfig.de\/wp-content\/uploads\/2013\/12\/Ceramic-Curtain.jpg\" width=\"1000\" height=\"631\" srcset=\"https:\/\/ait-xia-dialog.de\/tile-award\/wp-content\/uploads\/2013\/12\/Ceramic-Curtain.jpg 1000w, https:\/\/ait-xia-dialog.de\/tile-award\/wp-content\/uploads\/2013\/12\/Ceramic-Curtain-300x189.jpg 300w, https:\/\/ait-xia-dialog.de\/tile-award\/wp-content\/uploads\/2013\/12\/Ceramic-Curtain-640x403.jpg 640w\" sizes=\"(max-width: 1000px) 100vw, 1000px\" \/><p id=\"caption-attachment-674\" class=\"wp-caption-text\">Ceramic Curtain \u2013 Sebastian Brunke<\/p><\/div>\n<div class=\"toggle\"><div class=\"title\"><i class=\"icon\"><\/i>Details<\/div><div class=\"inner\"><div class=\"content\">\nSebastian Brunke kombiniert in seinem Entwurf eine klassische und unkonventionelle Verwendung des Materials keramischer Fliesen. W\u00e4hrend er an Seitenw\u00e4nden, Boden und Decke gro\u00dfformatige Belagsmaterialien einsetzt, schafft er mittels beweglich aufgeh\u00e4ngter Fassadenplatten eine dreidimensionale Skulptur, die trotz des schweren K\u00f6rpers und einem massiven Einsatz des Materials in einem nur aus Keramik bestehenden Raum, leicht und durchl\u00e4ssig wirkt. Eine Membran nach au\u00dfen, durch die das Licht strahlt. Mit unkonventionell eingesetzten Fassadenelementen inszeniert er im Innenraum die Idee einer modernen Fassade, die dem Betrachter, mit teils geschlossen, teils ge\u00f6ffneten Fenstern, vertraut vorkommt.<\/p>\n<p>Mit nur wenigen, aber effektvoll eingesetzten Elementen schafft Sebastian Brunke eine intensive Atmosph\u00e4re. Ein fast poetisches Bild mit hoher szenischer Qualit\u00e4t. In einem Raum mit einer schwarzen Wasserfl\u00e4che, auf der sich nur leichte Wellen ausbreiten, steht eine wei\u00dfe Figur. Dominiert wird der Raum aber von der R\u00fcckwand, die sich scherenschnittartig abhebt. Es entsteht keine gew\u00f6hnliche Wellnessatmosph\u00e4re, sondern ein Raum, der die Sinne ganz auf das einfallende Licht fokussiert und ihnen fast jedem Reiz entzieht. Wie vielfach gebrochener Mondschein spiegelt es sich auf der Wasseroberfl\u00e4che. Ein Raum mit sakraler Wirkung, der auf den ersten Blick k\u00fchl wirkt, aber eine starke Anziehungskraft aus\u00fcbt.<br \/>\n<\/div><\/div><\/div>\n<p>&nbsp;<\/p>\n<h3>Gewinner: Kategorie 3 \u2013 Health \/ Care<\/h3>\n<p><strong>\u201eSHAKTI\u201c &#8211; <a title=\"Franziska Crivelli \u2013 Atelier Crivelli\" href=\"\/teilnehmer\/teilnehmer-2012\/franziska-crivelli-atelier-crivelli\/\">Franziska Crivelli<\/a>, Atelier Crivelli, Schweiz<\/strong><\/p>\n<div id=\"attachment_634\" style=\"width: 1010px\" class=\"wp-caption alignnone\"><img aria-describedby=\"caption-attachment-634\" decoding=\"async\" loading=\"lazy\" class=\"size-full wp-image-634\" alt=\"SHAKTI \u2013 Franziska Crivelli\" src=\"http:\/\/p210282.webspaceconfig.de\/wp-content\/uploads\/2013\/12\/Shakti.jpg\" width=\"1000\" height=\"631\" srcset=\"https:\/\/ait-xia-dialog.de\/tile-award\/wp-content\/uploads\/2013\/12\/Shakti.jpg 1000w, https:\/\/ait-xia-dialog.de\/tile-award\/wp-content\/uploads\/2013\/12\/Shakti-300x189.jpg 300w, https:\/\/ait-xia-dialog.de\/tile-award\/wp-content\/uploads\/2013\/12\/Shakti-640x403.jpg 640w\" sizes=\"(max-width: 1000px) 100vw, 1000px\" \/><p id=\"caption-attachment-634\" class=\"wp-caption-text\">SHAKTI \u2013 Franziska Crivelli<\/p><\/div>\n<div class=\"toggle\"><div class=\"title\"><i class=\"icon\"><\/i>Details<\/div><div class=\"inner\"><div class=\"content\">\nDie interessante Verwendung von keramischen Elementen, Verarbeitungsmaterialien und recycelter Keramik f\u00fcr die Herstellung einer ausschlie\u00dflich keramischen Umgebung zeigt interessante Parallelen zur Geburtsvorbereitung und postnatalen Entspannung. Beeindruckt ist die Jury von der gro\u00dfen Bandbreite dieses Projektes hinsichtlich der Tiefe der Bez\u00fcge und der Anwendungsbreite. Dies gibt dem Projekt eine besondere Platzierung vor Arbeiten, bei denen die Abmessungen der Fliesen, die hygienische Qualit\u00e4t oder graphische Muster die obligatorische Verwendung der Fliesen vorherbestimmte.<br \/>\nIm Shakti-Entwurf konnten die warmen Formen und die prozessbezogene Beschaffenheit alle Jurymitglieder \u00fcberzeugen. Dennoch ist vor der Realisierung eine geringf\u00fcgige Anpassung hinsichtlich der Positionen\/Formen der Sitzh\u00fcgel und der sich darauf entspannenden Frauen w\u00fcnschenswert, sowie hinsichtlich der Verwendung von sandpolierten wiederverwerteten Keramikresten anstelle von industriell hergestellten Fliesenmatten f\u00fcr den Boden. Die Vielfalt des Materialspektrums sollte beibehalten werden! Selbstverst\u00e4ndlich ist die Jury sehr gespannt, alle diese Komponenten in der realisierten Version wiederzusehen.<br \/>\n<\/div><\/div><\/div>\n","protected":false},"excerpt":{"rendered":"<p>Juryurteile Tile Award 2012 | 29. Juni 2012 | Hamburg Gewinner: Kategorie 1 \u2013 Hotel \/ Gastronomie \u201eIrritierBAR\u201c \u2013 Filiz Uysaler filiz. Architektur. Innenarchitektur. Produktdesign., Deutschland &nbsp; Gewinner: Kategorie 2 \u2013 Wellness \/ Spa \u201eTilescape\u201c &#8211; Agata Wozniczka, BudCud, Polen &nbsp; Sonderpreis: Kategorie 2 \u2013 Wellness \/ Spa \u201eCeramic Curtain\u201c &#8211; Sebastian Brunke Delugan Meissl [&hellip;]<\/p>\n","protected":false},"author":4,"featured_media":0,"parent":80,"menu_order":0,"comment_status":"closed","ping_status":"closed","template":"page-templates\/child-menu-left.php","meta":[],"_links":{"self":[{"href":"https:\/\/ait-xia-dialog.de\/tile-award\/wp-json\/wp\/v2\/pages\/644"}],"collection":[{"href":"https:\/\/ait-xia-dialog.de\/tile-award\/wp-json\/wp\/v2\/pages"}],"about":[{"href":"https:\/\/ait-xia-dialog.de\/tile-award\/wp-json\/wp\/v2\/types\/page"}],"author":[{"embeddable":true,"href":"https:\/\/ait-xia-dialog.de\/tile-award\/wp-json\/wp\/v2\/users\/4"}],"replies":[{"embeddable":true,"href":"https:\/\/ait-xia-dialog.de\/tile-award\/wp-json\/wp\/v2\/comments?post=644"}],"version-history":[{"count":30,"href":"https:\/\/ait-xia-dialog.de\/tile-award\/wp-json\/wp\/v2\/pages\/644\/revisions"}],"predecessor-version":[{"id":1399,"href":"https:\/\/ait-xia-dialog.de\/tile-award\/wp-json\/wp\/v2\/pages\/644\/revisions\/1399"}],"up":[{"embeddable":true,"href":"https:\/\/ait-xia-dialog.de\/tile-award\/wp-json\/wp\/v2\/pages\/80"}],"wp:attachment":[{"href":"https:\/\/ait-xia-dialog.de\/tile-award\/wp-json\/wp\/v2\/media?parent=644"}],"curies":[{"name":"wp","href":"https:\/\/api.w.org\/{rel}","templated":true}]}}