{"id":3659,"date":"2018-01-23T13:43:19","date_gmt":"2018-01-23T12:43:19","guid":{"rendered":"https:\/\/ait-xia-dialog.de\/tile-award\/?page_id=3659"},"modified":"2018-01-23T14:02:49","modified_gmt":"2018-01-23T13:02:49","slug":"preistraeger-2-phase","status":"publish","type":"page","link":"https:\/\/ait-xia-dialog.de\/tile-award\/wettbewerb\/2017-2\/preistraeger-2-phase\/","title":{"rendered":"Preistr\u00e4ger 2. Phase"},"content":{"rendered":"<p>Die Preistr\u00e4ger der zweiten Phase des Internationalen Newcomer Wettbewerbs TILE AWARD 2017 stehen fest.<\/p>\n<p>In der zweiten Jurysitzung, die am 19. Januar 2018 im AIT- ArchitekturSalon Hamburg stattfand, w\u00e4hlten die Jurymitglieder Brendan MacFarlane (Jakob + MacFarlane, FR-Paris), Johan Oscarson (Elding Oscarson, SE-Stockholm), Michael Stoz (Partner AG, DE-Offenburg) und Christian Waldner (AllesWirdGut Architektur ZT GmbH, AT-Wien\/DE-M\u00fcnchen), die drei aussagekr\u00e4ftigsten Entw\u00fcrfe als Gewinner des vierten TILE AWARDS aus.<\/p>\n<p>Preistr\u00e4ger<\/p>\n<p>Avishkar Bharati, JDAP Design \u2013 Architecture \u2013 Planning, IN-Mumbai<br \/>\n\u201cTransmittance-Colour curtain\u201d<\/p>\n<div id=\"attachment_3681\" style=\"width: 950px\" class=\"wp-caption alignleft\"><a href=\"https:\/\/ait-xia-dialog.de\/tile-award\/wp-content\/uploads\/2018\/01\/transmittance-slide.jpg\" data-rel=\"lightbox-image-0\" data-imagelightbox=\"0\" data-rl_title=\"\" data-rl_caption=\"\" title=\"\"><img aria-describedby=\"caption-attachment-3681\" decoding=\"async\" loading=\"lazy\" class=\"wp-image-3681 size-full\" src=\"https:\/\/ait-xia-dialog.de\/tile-award\/wp-content\/uploads\/2018\/01\/transmittance-slide.jpg\" alt=\"\" width=\"940\" height=\"317\" srcset=\"https:\/\/ait-xia-dialog.de\/tile-award\/wp-content\/uploads\/2018\/01\/transmittance-slide.jpg 940w, https:\/\/ait-xia-dialog.de\/tile-award\/wp-content\/uploads\/2018\/01\/transmittance-slide-300x101.jpg 300w, https:\/\/ait-xia-dialog.de\/tile-award\/wp-content\/uploads\/2018\/01\/transmittance-slide-640x215.jpg 640w\" sizes=\"(max-width: 940px) 100vw, 940px\" \/><\/a><p id=\"caption-attachment-3681\" class=\"wp-caption-text\">Transmittance-Colour curtain | Avishkar Bharati, JDAP Design \u2013 Architecture \u2013 Planning, IN-Mumbai<\/p><\/div>\n<p>&nbsp;<\/p>\n<p>Andreas Crynen, Dipl. Ing. Architekt, DE-M\u00f6nchengladbach<br \/>\n\u201cRE:TILE\u201d<\/p>\n<div id=\"attachment_3683\" style=\"width: 950px\" class=\"wp-caption alignleft\"><a href=\"https:\/\/ait-xia-dialog.de\/tile-award\/wp-content\/uploads\/2018\/01\/retile-slide.jpg\" data-rel=\"lightbox-image-1\" data-imagelightbox=\"1\" data-rl_title=\"\" data-rl_caption=\"\" title=\"\"><img aria-describedby=\"caption-attachment-3683\" decoding=\"async\" loading=\"lazy\" class=\"wp-image-3683 size-full\" src=\"https:\/\/ait-xia-dialog.de\/tile-award\/wp-content\/uploads\/2018\/01\/retile-slide.jpg\" alt=\"\" width=\"940\" height=\"317\" srcset=\"https:\/\/ait-xia-dialog.de\/tile-award\/wp-content\/uploads\/2018\/01\/retile-slide.jpg 940w, https:\/\/ait-xia-dialog.de\/tile-award\/wp-content\/uploads\/2018\/01\/retile-slide-300x101.jpg 300w, https:\/\/ait-xia-dialog.de\/tile-award\/wp-content\/uploads\/2018\/01\/retile-slide-640x215.jpg 640w\" sizes=\"(max-width: 940px) 100vw, 940px\" \/><\/a><p id=\"caption-attachment-3683\" class=\"wp-caption-text\">RE:TILE | Andreas Crynen, Ingenhoven Architects, DE-M\u00f6nchengladbach<\/p><\/div>\n<p>&nbsp;<\/p>\n<p>Agnes Morguet, Agnes Morguet Innenarchitektur &amp; Design, DE-K\u00f6ln<br \/>\n\u201cStay Unique\u201d<\/p>\n<div id=\"attachment_3682\" style=\"width: 950px\" class=\"wp-caption alignleft\"><a href=\"https:\/\/ait-xia-dialog.de\/tile-award\/wp-content\/uploads\/2018\/01\/stayunique-slide.jpg\" data-rel=\"lightbox-image-2\" data-imagelightbox=\"2\" data-rl_title=\"\" data-rl_caption=\"\" title=\"\"><img aria-describedby=\"caption-attachment-3682\" decoding=\"async\" loading=\"lazy\" class=\"wp-image-3682 size-full\" src=\"https:\/\/ait-xia-dialog.de\/tile-award\/wp-content\/uploads\/2018\/01\/stayunique-slide.jpg\" alt=\"\" width=\"940\" height=\"317\" srcset=\"https:\/\/ait-xia-dialog.de\/tile-award\/wp-content\/uploads\/2018\/01\/stayunique-slide.jpg 940w, https:\/\/ait-xia-dialog.de\/tile-award\/wp-content\/uploads\/2018\/01\/stayunique-slide-300x101.jpg 300w, https:\/\/ait-xia-dialog.de\/tile-award\/wp-content\/uploads\/2018\/01\/stayunique-slide-640x215.jpg 640w\" sizes=\"(max-width: 940px) 100vw, 940px\" \/><\/a><p id=\"caption-attachment-3682\" class=\"wp-caption-text\">Stay Unique | Agnes Morguet, Agnes Morguet Innenarchitektur &amp; Design, DE-K\u00f6ln<\/p><\/div>\n<p>&nbsp;<\/p>\n<p>Die Designs der drei Gewinner werden als Mock-up 1:1 gebaut und in einem professionellen Fotoshooting dokumentiert.<\/p>\n<p>Eine Sonderbrosch\u00fcre von AGROB BUCHTAL wird die neun besten Ideen zum Wettbewerb beinhalten.<\/p>\n<p>&nbsp;<\/p>\n<p>&nbsp;<\/p>\n","protected":false},"excerpt":{"rendered":"<p>Die Preistr\u00e4ger der zweiten Phase des Internationalen Newcomer Wettbewerbs TILE AWARD 2017 stehen fest. In der zweiten Jurysitzung, die am 19. Januar 2018 im AIT- ArchitekturSalon Hamburg stattfand, w\u00e4hlten die Jurymitglieder Brendan MacFarlane (Jakob + MacFarlane, FR-Paris), Johan Oscarson (Elding Oscarson, SE-Stockholm), Michael Stoz (Partner AG, DE-Offenburg) und Christian Waldner (AllesWirdGut Architektur ZT GmbH, AT-Wien\/DE-M\u00fcnchen), [&hellip;]<\/p>\n","protected":false},"author":4,"featured_media":0,"parent":2920,"menu_order":0,"comment_status":"closed","ping_status":"open","template":"page-templates\/child-menu-left.php","meta":[],"_links":{"self":[{"href":"https:\/\/ait-xia-dialog.de\/tile-award\/wp-json\/wp\/v2\/pages\/3659"}],"collection":[{"href":"https:\/\/ait-xia-dialog.de\/tile-award\/wp-json\/wp\/v2\/pages"}],"about":[{"href":"https:\/\/ait-xia-dialog.de\/tile-award\/wp-json\/wp\/v2\/types\/page"}],"author":[{"embeddable":true,"href":"https:\/\/ait-xia-dialog.de\/tile-award\/wp-json\/wp\/v2\/users\/4"}],"replies":[{"embeddable":true,"href":"https:\/\/ait-xia-dialog.de\/tile-award\/wp-json\/wp\/v2\/comments?post=3659"}],"version-history":[{"count":12,"href":"https:\/\/ait-xia-dialog.de\/tile-award\/wp-json\/wp\/v2\/pages\/3659\/revisions"}],"predecessor-version":[{"id":3753,"href":"https:\/\/ait-xia-dialog.de\/tile-award\/wp-json\/wp\/v2\/pages\/3659\/revisions\/3753"}],"up":[{"embeddable":true,"href":"https:\/\/ait-xia-dialog.de\/tile-award\/wp-json\/wp\/v2\/pages\/2920"}],"wp:attachment":[{"href":"https:\/\/ait-xia-dialog.de\/tile-award\/wp-json\/wp\/v2\/media?parent=3659"}],"curies":[{"name":"wp","href":"https:\/\/api.w.org\/{rel}","templated":true}]}}