{"id":3061,"date":"2017-03-24T19:12:49","date_gmt":"2017-03-24T18:12:49","guid":{"rendered":"https:\/\/ait-xia-dialog.de\/tile-award\/?page_id=3061"},"modified":"2018-01-23T12:30:28","modified_gmt":"2018-01-23T11:30:28","slug":"2017-2","status":"publish","type":"page","link":"https:\/\/ait-xia-dialog.de\/tile-award\/workshop\/2017-2\/","title":{"rendered":"2017"},"content":{"rendered":"<!-- meta slider -->\n<div style=\"max-width: 800px;\" class=\"metaslider metaslider-flex metaslider-3678 ml-slider nav-hidden\">\n    \n    <div id=\"metaslider_container_3678\">\n        <div id=\"metaslider_3678\" class=\"flexslider\">\n            <ul class=\"slides\">\n                <li style=\"display: block; width: 100%;\" class=\"slide-3710 ms-image\"><img src=\"https:\/\/ait-xia-dialog.de\/tile-award\/wp-content\/uploads\/2018\/01\/IMG_6196.jpg\" height=\"450\" width=\"800\" alt=\"\" class=\"slider-3678 slide-3710\" \/><\/li>\n                <li style=\"display: none; width: 100%;\" class=\"slide-3724 ms-image\"><img src=\"https:\/\/ait-xia-dialog.de\/tile-award\/wp-content\/uploads\/2018\/01\/DSC_1616.jpg\" height=\"450\" width=\"800\" alt=\"\" class=\"slider-3678 slide-3724\" \/><\/li>\n                <li style=\"display: none; width: 100%;\" class=\"slide-3707 ms-image\"><img src=\"https:\/\/ait-xia-dialog.de\/tile-award\/wp-content\/uploads\/2018\/01\/IMG_6112.jpg\" height=\"450\" width=\"800\" alt=\"\" class=\"slider-3678 slide-3707\" \/><\/li>\n                <li style=\"display: none; width: 100%;\" class=\"slide-3708 ms-image\"><img src=\"https:\/\/ait-xia-dialog.de\/tile-award\/wp-content\/uploads\/2018\/01\/IMG_6178.jpg\" height=\"450\" width=\"800\" alt=\"\" class=\"slider-3678 slide-3708\" \/><\/li>\n                <li style=\"display: none; width: 100%;\" class=\"slide-3709 ms-image\"><img src=\"https:\/\/ait-xia-dialog.de\/tile-award\/wp-content\/uploads\/2018\/01\/IMG_6184.jpg\" height=\"450\" width=\"800\" alt=\"\" class=\"slider-3678 slide-3709\" \/><\/li>\n                <li style=\"display: none; width: 100%;\" class=\"slide-3726 ms-image\"><img src=\"https:\/\/ait-xia-dialog.de\/tile-award\/wp-content\/uploads\/2018\/01\/DSC_1762.jpg\" height=\"450\" width=\"800\" alt=\"\" class=\"slider-3678 slide-3726\" \/><\/li>\n                <li style=\"display: none; width: 100%;\" class=\"slide-3706 ms-image\"><img src=\"https:\/\/ait-xia-dialog.de\/tile-award\/wp-content\/uploads\/2018\/01\/IMG_6675.jpg\" height=\"450\" width=\"800\" alt=\"\" class=\"slider-3678 slide-3706\" \/><\/li>\n                <li style=\"display: none; width: 100%;\" class=\"slide-3711 ms-image\"><img src=\"https:\/\/ait-xia-dialog.de\/tile-award\/wp-content\/uploads\/2018\/01\/IMG_6266.jpg\" height=\"450\" width=\"800\" alt=\"\" class=\"slider-3678 slide-3711\" \/><\/li>\n                <li style=\"display: none; width: 100%;\" class=\"slide-3712 ms-image\"><img src=\"https:\/\/ait-xia-dialog.de\/tile-award\/wp-content\/uploads\/2018\/01\/IMG_6267.jpg\" height=\"450\" width=\"800\" alt=\"\" class=\"slider-3678 slide-3712\" \/><\/li>\n                <li style=\"display: none; width: 100%;\" class=\"slide-3713 ms-image\"><img src=\"https:\/\/ait-xia-dialog.de\/tile-award\/wp-content\/uploads\/2018\/01\/IMG_6283.jpg\" height=\"450\" width=\"800\" alt=\"\" class=\"slider-3678 slide-3713\" \/><\/li>\n                <li style=\"display: none; width: 100%;\" class=\"slide-3714 ms-image\"><img src=\"https:\/\/ait-xia-dialog.de\/tile-award\/wp-content\/uploads\/2018\/01\/IMG_6359.jpg\" height=\"450\" width=\"800\" alt=\"\" class=\"slider-3678 slide-3714\" \/><\/li>\n                <li style=\"display: none; width: 100%;\" class=\"slide-3725 ms-image\"><img src=\"https:\/\/ait-xia-dialog.de\/tile-award\/wp-content\/uploads\/2018\/01\/DSC_1725.jpg\" height=\"450\" width=\"800\" alt=\"\" class=\"slider-3678 slide-3725\" \/><\/li>\n                <li style=\"display: none; width: 100%;\" class=\"slide-3715 ms-image\"><img src=\"https:\/\/ait-xia-dialog.de\/tile-award\/wp-content\/uploads\/2018\/01\/IMG_6523.jpg\" height=\"450\" width=\"800\" alt=\"\" class=\"slider-3678 slide-3715\" \/><\/li>\n                <li style=\"display: none; width: 100%;\" class=\"slide-3716 ms-image\"><img src=\"https:\/\/ait-xia-dialog.de\/tile-award\/wp-content\/uploads\/2018\/01\/IMG_6564.jpg\" height=\"450\" width=\"800\" alt=\"\" class=\"slider-3678 slide-3716\" \/><\/li>\n                <li style=\"display: none; width: 100%;\" class=\"slide-3717 ms-image\"><img src=\"https:\/\/ait-xia-dialog.de\/tile-award\/wp-content\/uploads\/2018\/01\/IMG_6601.jpg\" height=\"450\" width=\"800\" alt=\"\" class=\"slider-3678 slide-3717\" \/><\/li>\n                <li style=\"display: none; width: 100%;\" class=\"slide-3719 ms-image\"><img src=\"https:\/\/ait-xia-dialog.de\/tile-award\/wp-content\/uploads\/2018\/01\/IMG_6645.jpg\" height=\"450\" width=\"800\" alt=\"\" class=\"slider-3678 slide-3719\" \/><\/li>\n                <li style=\"display: none; width: 100%;\" class=\"slide-3718 ms-image\"><img src=\"https:\/\/ait-xia-dialog.de\/tile-award\/wp-content\/uploads\/2018\/01\/IMG_6641.jpg\" height=\"450\" width=\"800\" alt=\"\" class=\"slider-3678 slide-3718\" \/><\/li>\n                <li style=\"display: none; width: 100%;\" class=\"slide-3727 ms-image\"><img src=\"https:\/\/ait-xia-dialog.de\/tile-award\/wp-content\/uploads\/2018\/01\/DSC_1906.jpg\" height=\"450\" width=\"800\" alt=\"\" class=\"slider-3678 slide-3727\" \/><\/li>\n                <li style=\"display: none; width: 100%;\" class=\"slide-3728 ms-image\"><img src=\"https:\/\/ait-xia-dialog.de\/tile-award\/wp-content\/uploads\/2018\/01\/DSC_1993.jpg\" height=\"450\" width=\"800\" alt=\"\" class=\"slider-3678 slide-3728\" \/><\/li>\n                <li style=\"display: none; width: 100%;\" class=\"slide-3729 ms-image\"><img src=\"https:\/\/ait-xia-dialog.de\/tile-award\/wp-content\/uploads\/2018\/01\/DSC_2013.jpg\" height=\"450\" width=\"800\" alt=\"\" class=\"slider-3678 slide-3729\" \/><\/li>\n                <li style=\"display: none; width: 100%;\" class=\"slide-3704 ms-image\"><img src=\"https:\/\/ait-xia-dialog.de\/tile-award\/wp-content\/uploads\/2018\/01\/DSC_2018.jpg\" height=\"450\" width=\"800\" alt=\"\" class=\"slider-3678 slide-3704\" \/><\/li>\n            <\/ul>\n        <\/div>\n        \n    <\/div>\n    <script type=\"text\/javascript\">\n        var metaslider_3678 = function($) {\n            $('#metaslider_3678').flexslider({ \n                slideshowSpeed:2000,\n                animation:\"fade\",\n                controlNav:false,\n                directionNav:false,\n                pauseOnHover:true,\n                direction:\"horizontal\",\n                reverse:false,\n                animationSpeed:600,\n                prevText:\"&lt;\",\n                nextText:\"&gt;\",\n                slideshow:false\n            });\n        };\n        var timer_metaslider_3678 = function() {\n            var slider = !window.jQuery ? window.setTimeout(timer_metaslider_3678, 100) : !jQuery.isReady ? window.setTimeout(timer_metaslider_3678, 1) : metaslider_3678(window.jQuery);\n        };\n        timer_metaslider_3678();\n    <\/script>\n<\/div>\n<!--\/\/ meta slider-->\nNeun Teilnehmer des TILE AWARD 2017 werden nach der ersten Jurysitzung eingeladen, mit Experten von <em>AGROB BUCHTAL<\/em> und <em>AIT-Dialog<\/em> vom 3.-8. September 2017 nach Island zu reisen. W\u00e4hrend eines f\u00fcnft\u00e4gigen Workshops werden die Wetbbewerbsarbeiten weiterentwickelt sowie die aufregende Insel erkundet.<\/p>\n<hr \/>\n<h3>Programm<\/h3>\n<h5>3. September 2017 | ANREISE<\/h5>\n<ul>\n<li>Individuelle Zubringerfl\u00fcge von den verschiedenen europ\u00e4ischen St\u00e4dten nach Keflav\u00edk, Island<\/li>\n<li>Besuch der Blauen Lagune<\/li>\n<li>Weiterfahrt nach Nesjavellir vid Thingvallavatn, Island<\/li>\n<\/ul>\n<p>&nbsp;<\/p>\n<h5>4. September 2017 | BESICHTIGUNGEN UND 1. TAG DER WORKSHOP-ARBEIT<\/h5>\n<ul>\n<li>Einf\u00fchrung in das Workshopthema seitens <em>AIT-Dialog<\/em> und <em>AGROB BUCHTAL<\/em><\/li>\n<li>Beginn der Workshoparbeit<\/li>\n<\/ul>\n<p>&nbsp;<\/p>\n<h5>5. September 2017 | 2. TAG DER WORKSHOPARBEIT<\/h5>\n<ul>\n<li>Ganzt\u00e4gige Workshoparbeit<\/li>\n<\/ul>\n<p>&nbsp;<\/p>\n<h5>6. September 2017 | 3. TAG DER WORKSHOPARBEIT<\/h5>\n<ul>\n<li>Workshoparbeit und Endpr\u00e4sentation<\/li>\n<li>Transfer nach Reykjavik und \u00dcbernachtung<\/li>\n<\/ul>\n<p>&nbsp;<\/p>\n<h5>7. September 2017 | BESICHTIGUNGEN UND ABREISE<\/h5>\n<ul>\n<li>Allgemeines fachliches Rahmenprogramm mit architektonischer F\u00fchrung in Reykjavik<\/li>\n<li>Feierliches Abendessen<\/li>\n<li>Transfer zum Flughafen<\/li>\n<\/ul>\n<p>&nbsp;<\/p>\n<h5>8. September 2017 | ANKUNFT<\/h5>\n<ul>\n<li>R\u00fcckfl\u00fcge in die verschiedenen Heimatst\u00e4dte<\/li>\n<\/ul>\n","protected":false},"excerpt":{"rendered":"<p>Neun Teilnehmer des TILE AWARD 2017 werden nach der ersten Jurysitzung eingeladen, mit Experten von AGROB BUCHTAL und AIT-Dialog vom 3.-8. September 2017 nach Island zu reisen. W\u00e4hrend eines f\u00fcnft\u00e4gigen Workshops werden die Wetbbewerbsarbeiten weiterentwickelt sowie die aufregende Insel erkundet. Programm 3. September 2017 | ANREISE Individuelle Zubringerfl\u00fcge von den verschiedenen europ\u00e4ischen St\u00e4dten nach Keflav\u00edk, [&hellip;]<\/p>\n","protected":false},"author":4,"featured_media":3013,"parent":20,"menu_order":0,"comment_status":"closed","ping_status":"open","template":"page-templates\/child-menu-left.php","meta":[],"_links":{"self":[{"href":"https:\/\/ait-xia-dialog.de\/tile-award\/wp-json\/wp\/v2\/pages\/3061"}],"collection":[{"href":"https:\/\/ait-xia-dialog.de\/tile-award\/wp-json\/wp\/v2\/pages"}],"about":[{"href":"https:\/\/ait-xia-dialog.de\/tile-award\/wp-json\/wp\/v2\/types\/page"}],"author":[{"embeddable":true,"href":"https:\/\/ait-xia-dialog.de\/tile-award\/wp-json\/wp\/v2\/users\/4"}],"replies":[{"embeddable":true,"href":"https:\/\/ait-xia-dialog.de\/tile-award\/wp-json\/wp\/v2\/comments?post=3061"}],"version-history":[{"count":26,"href":"https:\/\/ait-xia-dialog.de\/tile-award\/wp-json\/wp\/v2\/pages\/3061\/revisions"}],"predecessor-version":[{"id":3730,"href":"https:\/\/ait-xia-dialog.de\/tile-award\/wp-json\/wp\/v2\/pages\/3061\/revisions\/3730"}],"up":[{"embeddable":true,"href":"https:\/\/ait-xia-dialog.de\/tile-award\/wp-json\/wp\/v2\/pages\/20"}],"wp:featuredmedia":[{"embeddable":true,"href":"https:\/\/ait-xia-dialog.de\/tile-award\/wp-json\/wp\/v2\/media\/3013"}],"wp:attachment":[{"href":"https:\/\/ait-xia-dialog.de\/tile-award\/wp-json\/wp\/v2\/media?parent=3061"}],"curies":[{"name":"wp","href":"https:\/\/api.w.org\/{rel}","templated":true}]}}