{"id":2923,"date":"2017-03-10T13:24:06","date_gmt":"2017-03-10T12:24:06","guid":{"rendered":"https:\/\/ait-xia-dialog.de\/tile-award\/?page_id=2923"},"modified":"2023-02-20T16:24:49","modified_gmt":"2023-02-20T15:24:49","slug":"thema-und-kategorien","status":"publish","type":"page","link":"https:\/\/ait-xia-dialog.de\/tile-award\/thema-und-kategorien\/","title":{"rendered":"Thema und Kategorien"},"content":{"rendered":"<h3>Farbe und Patterns in der Architektur<\/h3>\n<div class=\"grid one-half\"> Muster haben eine bewegte Geschichte innerhalb der Architektur: Wurden sie hierzulande lange Zeit als \u00fcberfl\u00fcssiges Dekor angesehen und als Modeerscheinung abgetan, um die \u00c4sthetik der absoluten Reduktion zu rechtfertigen, zeugt beispielsweise die islamische Architektur von einer reichen Formensprache an abstrakten geometrischen Mustern. Unbestreitbar allerdings ist die besondere Wirkung von Farben und Patterns auf den Menschen: Sie erzeugen unterschiedliche Stimmungen, schaffen spezielle Atmosph\u00e4ren und k\u00f6nnen ebenso Emotionen hervorrufen als auch Erinnerungen wecken. Innerhalb der Architektur k\u00f6nnen mit diesen Mitteln bewusst Assoziationen geschaffen werden, indem gezielt Akzente gesetzt, einzelne Fl\u00e4chen mit Farben und Mustern belegt oder komplette R\u00e4ume kraftvoll gestaltet werden. <\/div> <div class=\"grid one-half last\"> <div class=\"toggle\"><div class=\"title\"><i class=\"icon\"><\/i>Kategorie MOBIL\/TRANSIT<\/div><div class=\"inner\"><div class=\"content\">\n<ul>\n<li>Bahnh\u00f6fe<\/li>\n<li>Flugh\u00e4fen<\/li>\n<li>Autobahnrastst\u00e4tten<\/li>\n<\/ul>\n<p>Mobilit\u00e4t ist in der heutigen Zeit etwas Selbstverst\u00e4ndliches geworden. So sehr wir sie sch\u00e4tzen, geht sie oft einher mit Stress und Hektik. Geschickt genutzt, k\u00f6nnen Farben und Muster an dieser Stelle beruhigend oder auch entschleunigend wirken. <\/div><\/div><\/div> <div class=\"toggle\"><div class=\"title\"><i class=\"icon\"><\/i>Kategorie HELP\/CARE<\/div><div class=\"inner\"><div class=\"content\">\n<ul>\n<li>Kinderg\u00e4rten<\/li>\n<li>Arztpraxen<\/li>\n<li>Krankenh\u00e4user<\/li>\n<li>Pflegeeinrichtungen<\/li>\n<li>Altenheime<\/li>\n<\/ul>\n<p>Farben und Muster k\u00f6nnen das Befinden von Menschen positiv beeinflussen. Umso wichtiger ist die bewusste Integration dieser gestalterischen Mittel in Bauten der Kategorie Help\/Care. <\/div><\/div><\/div> <div class=\"toggle\"><div class=\"title\"><i class=\"icon\"><\/i>Kategorie SHOP\/SHOW<\/div><div class=\"inner\"><div class=\"content\">\n<ul>\n<li>L\u00e4den<\/li>\n<li>Showrooms<\/li>\n<li>Messest\u00e4nde<\/li>\n<li>Theater<\/li>\n<li>Museen<\/li>\n<\/ul>\n<p>Um Aufmerksamkeit zu erregen werden L\u00e4den, Showrooms oder Messest\u00e4nde tendenziell eher expressiv gestaltet. Die Einbindung von Farben und Mustern spielt hier eine entscheidende Rolle, kann mutig und vollkommen frei interpretiert werden sowie mit vorhandenen Erwartungen brechen. <\/div><\/div><\/div> <div class=\"toggle\"><div class=\"title\"><i class=\"icon\"><\/i>BEWERTUNGSKRITERIEN<\/div><div class=\"inner\"><div class=\"content\">\n<ul>\n<li>Idee<\/li>\n<li>Konzeption<\/li>\n<li>Innovation<\/li>\n<li>Gestaltungsqualit\u00e4t<\/li>\n<li>Komposition<\/li>\n<li>Realisierbarkeit<\/li>\n<\/ul>\n<\/div><\/div><\/div> <\/div><div class=\"clear\"><\/div>\n","protected":false},"excerpt":{"rendered":"<p>Farbe und Patterns in der Architektur<\/p>\n","protected":false},"author":4,"featured_media":3013,"parent":0,"menu_order":0,"comment_status":"closed","ping_status":"open","template":"page-templates\/child-menu-left.php","meta":[],"_links":{"self":[{"href":"https:\/\/ait-xia-dialog.de\/tile-award\/wp-json\/wp\/v2\/pages\/2923"}],"collection":[{"href":"https:\/\/ait-xia-dialog.de\/tile-award\/wp-json\/wp\/v2\/pages"}],"about":[{"href":"https:\/\/ait-xia-dialog.de\/tile-award\/wp-json\/wp\/v2\/types\/page"}],"author":[{"embeddable":true,"href":"https:\/\/ait-xia-dialog.de\/tile-award\/wp-json\/wp\/v2\/users\/4"}],"replies":[{"embeddable":true,"href":"https:\/\/ait-xia-dialog.de\/tile-award\/wp-json\/wp\/v2\/comments?post=2923"}],"version-history":[{"count":17,"href":"https:\/\/ait-xia-dialog.de\/tile-award\/wp-json\/wp\/v2\/pages\/2923\/revisions"}],"predecessor-version":[{"id":4557,"href":"https:\/\/ait-xia-dialog.de\/tile-award\/wp-json\/wp\/v2\/pages\/2923\/revisions\/4557"}],"wp:featuredmedia":[{"embeddable":true,"href":"https:\/\/ait-xia-dialog.de\/tile-award\/wp-json\/wp\/v2\/media\/3013"}],"wp:attachment":[{"href":"https:\/\/ait-xia-dialog.de\/tile-award\/wp-json\/wp\/v2\/media?parent=2923"}],"curies":[{"name":"wp","href":"https:\/\/api.w.org\/{rel}","templated":true}]}}