{"id":2920,"date":"2017-03-10T13:19:29","date_gmt":"2017-03-10T12:19:29","guid":{"rendered":"https:\/\/ait-xia-dialog.de\/tile-award\/?page_id=2920"},"modified":"2018-01-23T13:27:37","modified_gmt":"2018-01-23T12:27:37","slug":"2017-2","status":"publish","type":"page","link":"https:\/\/ait-xia-dialog.de\/tile-award\/wettbewerb\/2017-2\/","title":{"rendered":"2017"},"content":{"rendered":"<p>In diesem Jahr hat AGROB BUCHTAL in Kooperation mit AIT-Dialog zum vierten Mal den TILE AWARD ausgelobt.<\/p>\n<p>Der Wettbewerb l\u00e4dt junge Architekten und Innenarchitekten unter 38 Jahren ein, neue, unkonventionelle und aufsehenerregende Interieurs mit dem Material Keramikfliese zu gestalten.<\/p>\n<p>Unter dem Motto \u201eFarbe und Patterns in der Architektur\u201c wurden kreative und fortschrittliche Ideen gesucht, die die vielf\u00e4ltigen Gestaltungsm\u00f6glichkeiten des Materials aufzeigen. Es galt nicht, eine neue Fliese zu entwerfen, sondern vielmehr aufzuzeigen, wie Fliesen innovativ und kreativ Einsatz finden k\u00f6nnen.<\/p>\n<p>Aufgabe des Wettbewerbs war es, einen Raum in diesj\u00e4hrigen Kategorien Mobil\/Transit, Help\/Care und Shop\/Show durch die Verwendung von Fliesen (neu) zu gestalten.<\/p>\n<p>Die Bearbeitung mehrerer Kategorien war zul\u00e4ssig. Demnach konnten pro Wettbewerbsteilnehmer maximal drei Arbeiten eingereicht werden.<\/p>\n<p>Der Wettbewerb untergliedert sich in zwei Phasen.<br \/>\nIn der ersten Phase werden die Wettbewerbsarbeiten aller Teilnehmer von einer renommierten Jury gesichtet und bewertet. Die Sch\u00f6pfer der neun \u00fcberzeugendsten Entw\u00fcrfe werden dann zu einer Workshopreise nach Island eingeladen.<\/p>\n<p>Mit dem Aufenthalt in Island beginnt die zweite Phase des Wettbewerbs. W\u00e4hrend eines viert\u00e4gigen Aufenthalts werden die Entw\u00fcrfe in intensiven Austausch mit den anderen Workshopteilnehmern \u00fcberarbeitet und weiterentwickelt.<\/p>\n<p>Nach der zweiten Phase werden die finalen Preistr\u00e4ger ausgew\u00e4hlt und die Entw\u00fcrfe in einem 1:1 Modell realisiert.<\/p>\n<p>Der Gewinn ist eine Workshopreise nach Island sowie die Realisierung des Entwurf in ein 1:1 Modell mit anschlie\u00dfendem Fotoshooting und Ver\u00f6ffentlichung in einer aufwendigen Architekturpublikation.<\/p>\n<p><strong>Termine<\/strong><br \/>\n<strong>Einsendeschluss der Enw\u00fcrfe:<\/strong> 16. Juni 2017<br \/>\n<strong>Workshop mit den Gewinnern: <\/strong> 3.-8. September 2017<\/p>\n<p>Im Anschluss Bau und Fotoshooting der Gewinner-Entw\u00fcrfe<\/p>\n<p>Weitere Informationen unter: <a href=\"mailto:tile-award@ait-online.de\">tile-award@ait-online.de<\/a><\/p>\n","protected":false},"excerpt":{"rendered":"<p>In diesem Jahr hat AGROB BUCHTAL in Kooperation mit AIT-Dialog zum vierten Mal den TILE AWARD ausgelobt. Der Wettbewerb l\u00e4dt junge Architekten und Innenarchitekten unter 38 Jahren ein, neue, unkonventionelle und aufsehenerregende Interieurs mit dem Material Keramikfliese zu gestalten. Unter dem Motto \u201eFarbe und Patterns in der Architektur\u201c wurden kreative und fortschrittliche Ideen gesucht, die [&hellip;]<\/p>\n","protected":false},"author":4,"featured_media":3013,"parent":17,"menu_order":0,"comment_status":"closed","ping_status":"open","template":"page-templates\/child-menu-left.php","meta":[],"_links":{"self":[{"href":"https:\/\/ait-xia-dialog.de\/tile-award\/wp-json\/wp\/v2\/pages\/2920"}],"collection":[{"href":"https:\/\/ait-xia-dialog.de\/tile-award\/wp-json\/wp\/v2\/pages"}],"about":[{"href":"https:\/\/ait-xia-dialog.de\/tile-award\/wp-json\/wp\/v2\/types\/page"}],"author":[{"embeddable":true,"href":"https:\/\/ait-xia-dialog.de\/tile-award\/wp-json\/wp\/v2\/users\/4"}],"replies":[{"embeddable":true,"href":"https:\/\/ait-xia-dialog.de\/tile-award\/wp-json\/wp\/v2\/comments?post=2920"}],"version-history":[{"count":11,"href":"https:\/\/ait-xia-dialog.de\/tile-award\/wp-json\/wp\/v2\/pages\/2920\/revisions"}],"predecessor-version":[{"id":3408,"href":"https:\/\/ait-xia-dialog.de\/tile-award\/wp-json\/wp\/v2\/pages\/2920\/revisions\/3408"}],"up":[{"embeddable":true,"href":"https:\/\/ait-xia-dialog.de\/tile-award\/wp-json\/wp\/v2\/pages\/17"}],"wp:featuredmedia":[{"embeddable":true,"href":"https:\/\/ait-xia-dialog.de\/tile-award\/wp-json\/wp\/v2\/media\/3013"}],"wp:attachment":[{"href":"https:\/\/ait-xia-dialog.de\/tile-award\/wp-json\/wp\/v2\/media?parent=2920"}],"curies":[{"name":"wp","href":"https:\/\/api.w.org\/{rel}","templated":true}]}}