{"id":2379,"date":"2014-07-30T14:48:01","date_gmt":"2014-07-30T12:48:01","guid":{"rendered":"https:\/\/ait-xia-dialog.de\/tile-award\/?page_id=2379"},"modified":"2014-08-05T12:27:04","modified_gmt":"2014-08-05T10:27:04","slug":"philipp-herrich","status":"publish","type":"page","link":"https:\/\/ait-xia-dialog.de\/tile-award\/teilnehmer\/2010-2\/teilnehmer\/philipp-herrich\/","title":{"rendered":"Philipp Herrich"},"content":{"rendered":"<div class=\"grid one-half\">\n<a href=\"https:\/\/ait-xia-dialog.de\/tile-award\/wp-content\/uploads\/2014\/07\/Kopie-von-091104_Stellwerk_Philipp_Herrich_7x7_300dpi.jpg\" data-rel=\"lightbox-image-0\" data-imagelightbox=\"0\" data-rl_title=\"\" data-rl_caption=\"\" title=\"\"><img decoding=\"async\" loading=\"lazy\" class=\"alignnone size-medium wp-image-2369\" src=\"https:\/\/ait-xia-dialog.de\/tile-award\/wp-content\/uploads\/2014\/07\/Kopie-von-091104_Stellwerk_Philipp_Herrich_7x7_300dpi-300x300.jpg\" alt=\"Kopie von 091104_Stellwerk_Philipp_Herrich_7x7_300dpi\" width=\"300\" height=\"300\" srcset=\"https:\/\/ait-xia-dialog.de\/tile-award\/wp-content\/uploads\/2014\/07\/Kopie-von-091104_Stellwerk_Philipp_Herrich_7x7_300dpi-300x300.jpg 300w, https:\/\/ait-xia-dialog.de\/tile-award\/wp-content\/uploads\/2014\/07\/Kopie-von-091104_Stellwerk_Philipp_Herrich_7x7_300dpi-150x150.jpg 150w, https:\/\/ait-xia-dialog.de\/tile-award\/wp-content\/uploads\/2014\/07\/Kopie-von-091104_Stellwerk_Philipp_Herrich_7x7_300dpi-640x640.jpg 640w, https:\/\/ait-xia-dialog.de\/tile-award\/wp-content\/uploads\/2014\/07\/Kopie-von-091104_Stellwerk_Philipp_Herrich_7x7_300dpi-170x170.jpg 170w, https:\/\/ait-xia-dialog.de\/tile-award\/wp-content\/uploads\/2014\/07\/Kopie-von-091104_Stellwerk_Philipp_Herrich_7x7_300dpi-420x420.jpg 420w, https:\/\/ait-xia-dialog.de\/tile-award\/wp-content\/uploads\/2014\/07\/Kopie-von-091104_Stellwerk_Philipp_Herrich_7x7_300dpi.jpg 827w\" sizes=\"(max-width: 300px) 100vw, 300px\" \/><\/a><br \/>\n<\/div>\n<div class=\"grid one-half last\">\n<h3>Philipp Herrich<\/h3>\n<p>STELLWERK architekten | DE-Dresden<br \/>\n<a href=\"http:\/\/www.stellwerknet.com\/\" target=\"_blank\">www.stellwerknet.com<\/a><\/p>\n<p>&nbsp;<\/p>\n<p>&nbsp;<\/p>\n<\/div><div class=\"clear\"><\/div>\n<div class=\"grid one-half\">\n<div class=\"toggle\"><div class=\"title\"><i class=\"icon\"><\/i>Vita<\/div><div class=\"inner\"><div class=\"content\">\n<ul>\n<li>1974 geboren in Dresden<\/li>\n<li>2007 Architektenkammer Sachsen<\/li>\n<li>2007\u00a0 Gr\u00fcndung STELLWERK architekten in Dresden<\/li>\n<li>2001-2007 freie Mitarbeit f\u00fcr das Architekturb\u00fcro Kai von D\u00f6ring, Dresden<\/li>\n<li>2000 Gr\u00fcndung formfiction &#8211; interdisziplin\u00e4re agentur<\/li>\n<li>2000 Diplom an der HTW Dresden<\/li>\n<li>1990-1993 Ausbildung Baufacharbeiter mit Abitur<\/li>\n<li>1997-1999 Mitarbeit bei Behnisch, Behnisch und Partner, Stuttgart und Blackbird Architects, USA-Santa Barbara, CA<\/li>\n<\/ul>\n<\/div><\/div><\/div>\n<\/div>\n<div class=\"grid one-half last\">\n<div class=\"toggle\"><div class=\"title\"><i class=\"icon\"><\/i>STELLWERK architekten<\/div><div class=\"inner\"><div class=\"content\">\n<p>STELLWERK versteht sich als interdisziplin\u00e4res Gestaltungsb\u00fcro. Wir entwickeln und realisieren Projekte sowohl in der Architektur und Innenarchitektur, als auch im Bereich Produktgestaltung und Grafikdesign. Beim Entwurfsprozess steht f\u00fcr uns die Auseinandersetzung mit den W\u00fcnschen und Vorstellungen unserer Auftraggeber im Mittelpunkt. Im Rahmen der kontextuellen Bedingungen sind wir bestrebt ganzheitliche Raum- und Gestaltungskonzepte zu entwickeln, die sich durch ein Spannungsfeld aus Funktionalit\u00e4t, \u00e4sthetischem Anspruch und Wirtschaftlichkeit.<\/p>\n<\/div><\/div><\/div>\n<\/div><div class=\"clear\"><\/div>\n<p>&nbsp;<\/p>\n<p>&nbsp;<\/p>\n<h3>Ergebnisse<\/h3>\n\n\t\t<style type=\"text\/css\">\n\t\t\t#gallery-1 {\n\t\t\t\tmargin: auto;\n\t\t\t}\n\t\t\t#gallery-1 .gallery-item {\n\t\t\t\tfloat: left;\n\t\t\t\tmargin-top: 10px;\n\t\t\t\ttext-align: center;\n\t\t\t\twidth: 33%;\n\t\t\t}\n\t\t\t#gallery-1 img {\n\t\t\t\tborder: 2px solid #cfcfcf;\n\t\t\t}\n\t\t\t#gallery-1 .gallery-caption {\n\t\t\t\tmargin-left: 0;\n\t\t\t}\n\t\t\t\/* see gallery_shortcode() in wp-includes\/media.php *\/\n\t\t<\/style>\n\t\t<div id='gallery-1' class='gallery galleryid-2379 gallery-columns-3 gallery-size-thumbnail'><dl class='gallery-item'>\n\t\t\t<dt class='gallery-icon landscape'>\n\t\t\t\t<a href='https:\/\/ait-xia-dialog.de\/tile-award\/wp-content\/uploads\/2014\/07\/philipp_herrich_REFLEXshop-Idee-Gesamtkonzept-1.jpg' title=\"\" data-rl_title=\"\" class=\"rl-gallery-link\" data-rl_caption=\"\" data-rel=\"lightbox-gallery-1\"><img width=\"150\" height=\"150\" src=\"https:\/\/ait-xia-dialog.de\/tile-award\/wp-content\/uploads\/2014\/07\/philipp_herrich_REFLEXshop-Idee-Gesamtkonzept-1-150x150.jpg\" class=\"attachment-thumbnail size-thumbnail\" alt=\"\" decoding=\"async\" loading=\"lazy\" srcset=\"https:\/\/ait-xia-dialog.de\/tile-award\/wp-content\/uploads\/2014\/07\/philipp_herrich_REFLEXshop-Idee-Gesamtkonzept-1-150x150.jpg 150w, https:\/\/ait-xia-dialog.de\/tile-award\/wp-content\/uploads\/2014\/07\/philipp_herrich_REFLEXshop-Idee-Gesamtkonzept-1-170x170.jpg 170w, https:\/\/ait-xia-dialog.de\/tile-award\/wp-content\/uploads\/2014\/07\/philipp_herrich_REFLEXshop-Idee-Gesamtkonzept-1-420x420.jpg 420w\" sizes=\"(max-width: 150px) 100vw, 150px\" \/><\/a>\n\t\t\t<\/dt><\/dl><dl class='gallery-item'>\n\t\t\t<dt class='gallery-icon portrait'>\n\t\t\t\t<a href='https:\/\/ait-xia-dialog.de\/tile-award\/wp-content\/uploads\/2014\/07\/philipp_herrich_100708_reflex-shop-plaene-1.jpg' title=\"\" data-rl_title=\"\" class=\"rl-gallery-link\" data-rl_caption=\"\" data-rel=\"lightbox-gallery-1\"><img width=\"150\" height=\"150\" src=\"https:\/\/ait-xia-dialog.de\/tile-award\/wp-content\/uploads\/2014\/07\/philipp_herrich_100708_reflex-shop-plaene-1-150x150.jpg\" class=\"attachment-thumbnail size-thumbnail\" alt=\"\" decoding=\"async\" loading=\"lazy\" srcset=\"https:\/\/ait-xia-dialog.de\/tile-award\/wp-content\/uploads\/2014\/07\/philipp_herrich_100708_reflex-shop-plaene-1-150x150.jpg 150w, https:\/\/ait-xia-dialog.de\/tile-award\/wp-content\/uploads\/2014\/07\/philipp_herrich_100708_reflex-shop-plaene-1-170x170.jpg 170w, https:\/\/ait-xia-dialog.de\/tile-award\/wp-content\/uploads\/2014\/07\/philipp_herrich_100708_reflex-shop-plaene-1-420x420.jpg 420w\" sizes=\"(max-width: 150px) 100vw, 150px\" \/><\/a>\n\t\t\t<\/dt><\/dl>\n\t\t\t<br style='clear: both' \/>\n\t\t<\/div>\n\n","protected":false},"excerpt":{"rendered":"<p>&nbsp; &nbsp; Ergebnisse<\/p>\n","protected":false},"author":4,"featured_media":0,"parent":2233,"menu_order":5,"comment_status":"closed","ping_status":"closed","template":"page-templates\/child-menu-left.php","meta":[],"_links":{"self":[{"href":"https:\/\/ait-xia-dialog.de\/tile-award\/wp-json\/wp\/v2\/pages\/2379"}],"collection":[{"href":"https:\/\/ait-xia-dialog.de\/tile-award\/wp-json\/wp\/v2\/pages"}],"about":[{"href":"https:\/\/ait-xia-dialog.de\/tile-award\/wp-json\/wp\/v2\/types\/page"}],"author":[{"embeddable":true,"href":"https:\/\/ait-xia-dialog.de\/tile-award\/wp-json\/wp\/v2\/users\/4"}],"replies":[{"embeddable":true,"href":"https:\/\/ait-xia-dialog.de\/tile-award\/wp-json\/wp\/v2\/comments?post=2379"}],"version-history":[{"count":10,"href":"https:\/\/ait-xia-dialog.de\/tile-award\/wp-json\/wp\/v2\/pages\/2379\/revisions"}],"predecessor-version":[{"id":2747,"href":"https:\/\/ait-xia-dialog.de\/tile-award\/wp-json\/wp\/v2\/pages\/2379\/revisions\/2747"}],"up":[{"embeddable":true,"href":"https:\/\/ait-xia-dialog.de\/tile-award\/wp-json\/wp\/v2\/pages\/2233"}],"wp:attachment":[{"href":"https:\/\/ait-xia-dialog.de\/tile-award\/wp-json\/wp\/v2\/media?parent=2379"}],"curies":[{"name":"wp","href":"https:\/\/api.w.org\/{rel}","templated":true}]}}