{"id":1512,"date":"2014-07-04T14:12:02","date_gmt":"2014-07-04T12:12:02","guid":{"rendered":"https:\/\/ait-xia-dialog.de\/tile-award\/?page_id=1512"},"modified":"2014-07-04T14:20:16","modified_gmt":"2014-07-04T12:20:16","slug":"jury","status":"publish","type":"page","link":"https:\/\/ait-xia-dialog.de\/tile-award\/wettbewerb\/2014-2-2\/jury\/","title":{"rendered":"Jury"},"content":{"rendered":"<h2>Kompetentes Dreiergespann: Die Jury des TILE AWARD 2014<\/h2>\n<p>Die diesj\u00e4hrige Expertenrunde setzt sich aus den folgenden Juroren zusammen:<\/p>\n<p>Manuelle Gautrand | MANUELLE GAUTRAND ARCHITECTURE<br \/>\nG\u00fcnter Katherl | caramel architekten zt GmbH<br \/>\nUshi Tamborriello | ushitamborriello Innenarchitektur &amp; Szenenbild<div class=\"hr\"><\/div>\n<div class=\"grid one-half\">\n<h3>Manuelle Gautrand<\/h3>\n<p>MANUELLE GAUTRAND ARCHITECTURE<br \/>\nParis, Frankreich<br \/>\n<a href=\"http:\/\/www.manuelle-gautrand.com\/\" target=\"_blank\">www.manuelle-gautrand.com<\/a><\/p>\n<p><a href=\"http:\/\/www.manuelle-gautrand.com\/\" target=\"_blank\"><img decoding=\"async\" loading=\"lazy\" class=\"alignnone size-full wp-image-758\" alt=\"manuelle-gautrand-small\" src=\"http:\/\/p210282.webspaceconfig.de\/wp-content\/uploads\/2013\/12\/manuelle-gautrand-small.jpg\" width=\"446\" height=\"289\" srcset=\"https:\/\/ait-xia-dialog.de\/tile-award\/wp-content\/uploads\/2013\/12\/manuelle-gautrand-small.jpg 446w, https:\/\/ait-xia-dialog.de\/tile-award\/wp-content\/uploads\/2013\/12\/manuelle-gautrand-small-300x194.jpg 300w\" sizes=\"(max-width: 446px) 100vw, 446px\" \/><br \/>\n<\/a><div class=\"toggle\"><div class=\"title\"><i class=\"icon\"><\/i>Vita<\/div><div class=\"inner\"><div class=\"content\">\n<p>Manuelle Gautrand wurde 1961 in Marseille\/Frankreich geboren. 1985 diplomierte sie an der Ecole Nationale Sup\u00e9rieure d\u2019Architecture de Montpellier und war anschlie\u00dfend in verschiedenen Architekturb\u00fcros in Paris t\u00e4tig. 1991 gr\u00fcndete sie das B\u00fcro Manuelle Gautrand Architecture mit Sitz in Paris. Das 20-k\u00f6pfige Architektenteam entwickelt Projekte f\u00fcr \u00f6ffentliche und private Auftraggeber im In- und Ausland. Internationale Aufmerksamkeit erlangte das B\u00fcro mit dem Projekt \u201eC42\u201c, dem Flagshipstore von Citro\u00ebn an der Champs Elys\u00e9es in Paris, f\u00fcr das es mit zahlreichen Preisen ausgezeichnet wurde.<br \/>\n<\/div><\/div><\/div>\n<\/div>\n<div class=\"grid one-half last\">\n<h3>Ushi Tamboriello<\/h3>\n<p>ushitamborriello Innenarchitektur &amp; Szenenbild | Rieden bei Baden, Schweiz <a href=\"http:\/\/www.ushitamborriello.com\/\" target=\"_blank\">www.ushitamborriello.com<\/a><\/p>\n<p><img decoding=\"async\" loading=\"lazy\" class=\"alignnone size-full wp-image-762\" alt=\"ushi-tamborriello-small\" src=\"http:\/\/p210282.webspaceconfig.de\/wp-content\/uploads\/2013\/12\/ushi-tamborriello-small.jpg\" width=\"446\" height=\"289\" srcset=\"https:\/\/ait-xia-dialog.de\/tile-award\/wp-content\/uploads\/2013\/12\/ushi-tamborriello-small.jpg 446w, https:\/\/ait-xia-dialog.de\/tile-award\/wp-content\/uploads\/2013\/12\/ushi-tamborriello-small-300x194.jpg 300w\" sizes=\"(max-width: 446px) 100vw, 446px\" \/><br \/>\n<div class=\"toggle\"><div class=\"title\"><i class=\"icon\"><\/i>Vita<\/div><div class=\"inner\"><div class=\"content\">\n<p>Ushi Tamborriello wurde 1964 in Haslach im Kinzigtal geboren. Nach ihrem Innenarchitekturstudium an der FH Wiesbaden war sie von 1990 bis 1997 als freischaffende Designerin und Innenarchitektin t\u00e4tig. 1997 gr\u00fcndete sie ihr eigenes B\u00fcro in M\u00fcnchen und absolvierte parallel bis 1999 ein Szenenbildstudium an der Hochschule f\u00fcr Film und Fernsehen M\u00fcnchen. Seit 2004 betreibt sie ein B\u00fcro in der Schweiz mit dem sie als Innenarchitektin und Szenenbildnerin auf internationaler Ebene viel beachtete Rauminszenierungen schafft. Einen Schwerpunkt legt sie bei ihrer Arbeit auf die Gestaltung \u00e4sthetisch eigenst\u00e4ndiger R\u00e4ume, in denen verdichtete Atmosph\u00e4ren neue sinnliche Erfahrungen erm\u00f6glichen. Besondere Anerkennung erwarb sie sich in den vergangen Jahren als Designerin von innovativen B\u00e4dern und Wellness Anlagen.<br \/>\n<\/div><\/div><\/div>\n<\/div><div class=\"clear\"><\/div><div class=\"hr\"><\/div> <\/p>\n<div class=\"grid one-half\">\n<h3>G\u00fcnter Katherl<\/h3>\n<p>Caramel Architekten | Wien, \u00d6sterreich <a href=\"http:\/\/www.caramel.at\" target=\"_blank\">www.caramel.at<br \/>\n<\/a><\/p>\n<p><img decoding=\"async\" loading=\"lazy\" src=\"https:\/\/ait-xia-dialog.de\/tile-award\/wp-content\/uploads\/2013\/12\/Guenter-Katherl.jpg\" alt=\"Guenter-Katherl\" width=\"446\" height=\"289\" class=\"alignnone size-full wp-image-959\" srcset=\"https:\/\/ait-xia-dialog.de\/tile-award\/wp-content\/uploads\/2013\/12\/Guenter-Katherl.jpg 446w, https:\/\/ait-xia-dialog.de\/tile-award\/wp-content\/uploads\/2013\/12\/Guenter-Katherl-300x194.jpg 300w\" sizes=\"(max-width: 446px) 100vw, 446px\" \/><\/p>\n<div class=\"toggle\"><div class=\"title\"><i class=\"icon\"><\/i>Vita<\/div><div class=\"inner\"><div class=\"content\">\n<p>G\u00fcnter Katherl, geboren 1965 in V\u00f6ckabruck, Ober\u00f6sterreich, gr\u00fcndete im Jahr 2000 zusammen mit Martin Haller und Ulrich Aspetsberger das B\u00fcro Caramel in Wien. Mit ihrem Team realisierten sie bereits diverse Bauvorhaben unterschiedlicher Gr\u00f6\u00dfenordnung. Gro\u00dfe Beachtung fand eine Reihe individuell geplanter privater Wohnh\u00e4user: unter anderem das Projekt \u201e500 Quadratmeter Wohnzimmer\u201c, ein dreigeschossiges, unkonventionelles Wohnhaus am Stadtrand von Wien, oder Haus M, ein Projekt in bester Linzer Lage mit hohem Vorfertigungsgrad. Die meisten Bauauftr\u00e4ge resultieren aus der laufenden und erfolgreichen Teilnahme an internationalen Wettbewerben. Neben der Umsetzung der Gro\u00dfprojekte \u201eScience Park \u2013 Johannes Kepler Universit\u00e4t\u201c, \u201eWifi Dornbirn\u201c, \u201eBetriebsgeb\u00e4ude Land Ober\u00f6sterreich Ansfelden\u201c und \u201eSchule Krems\u201c widmet sich das Trio auch Designstudien. Vortragsreihen, Lehrveranstaltungen und Kunstprojekte verstehen sie ebenso als Teil ihres Bet\u00e4tigungsfelds. Ihre Devise lautet: Everytime a new challenge \u2013 f\u00fcr jedes Projekt neu.<\/p>\n<\/div><\/div><\/div>\n<\/div>\n<div class=\"grid one-half last\">\n<\/div><div class=\"clear\"><\/div>\n","protected":false},"excerpt":{"rendered":"<p>Kompetentes Dreiergespann: Die Jury des TILE AWARD 2014 Die diesj\u00e4hrige Expertenrunde setzt sich aus den folgenden Juroren zusammen: Manuelle Gautrand | MANUELLE GAUTRAND ARCHITECTURE G\u00fcnter Katherl | caramel architekten zt GmbH Ushi Tamborriello | ushitamborriello Innenarchitektur &amp; Szenenbild<\/p>\n","protected":false},"author":4,"featured_media":0,"parent":73,"menu_order":10,"comment_status":"closed","ping_status":"open","template":"page-templates\/child-menu-left.php","meta":[],"_links":{"self":[{"href":"https:\/\/ait-xia-dialog.de\/tile-award\/wp-json\/wp\/v2\/pages\/1512"}],"collection":[{"href":"https:\/\/ait-xia-dialog.de\/tile-award\/wp-json\/wp\/v2\/pages"}],"about":[{"href":"https:\/\/ait-xia-dialog.de\/tile-award\/wp-json\/wp\/v2\/types\/page"}],"author":[{"embeddable":true,"href":"https:\/\/ait-xia-dialog.de\/tile-award\/wp-json\/wp\/v2\/users\/4"}],"replies":[{"embeddable":true,"href":"https:\/\/ait-xia-dialog.de\/tile-award\/wp-json\/wp\/v2\/comments?post=1512"}],"version-history":[{"count":7,"href":"https:\/\/ait-xia-dialog.de\/tile-award\/wp-json\/wp\/v2\/pages\/1512\/revisions"}],"predecessor-version":[{"id":1514,"href":"https:\/\/ait-xia-dialog.de\/tile-award\/wp-json\/wp\/v2\/pages\/1512\/revisions\/1514"}],"up":[{"embeddable":true,"href":"https:\/\/ait-xia-dialog.de\/tile-award\/wp-json\/wp\/v2\/pages\/73"}],"wp:attachment":[{"href":"https:\/\/ait-xia-dialog.de\/tile-award\/wp-json\/wp\/v2\/media?parent=1512"}],"curies":[{"name":"wp","href":"https:\/\/api.w.org\/{rel}","templated":true}]}}