{"id":1509,"date":"2014-07-04T14:08:22","date_gmt":"2014-07-04T12:08:22","guid":{"rendered":"https:\/\/ait-xia-dialog.de\/tile-award\/?page_id=1509"},"modified":"2014-07-31T10:49:07","modified_gmt":"2014-07-31T08:49:07","slug":"teilnehmerinformationen","status":"publish","type":"page","link":"https:\/\/ait-xia-dialog.de\/tile-award\/wettbewerb\/2014-2-2\/teilnehmerinformationen\/","title":{"rendered":"Thema und Kategorien"},"content":{"rendered":"<h3>TILED HAUNTS \u2013 geflieste Lieblingspl\u00e4tze, Treffpunkte und Lebensr\u00e4ume<\/h3>\n<p>Oft werden der Ort, die Umgebung oder die Lebensr\u00e4ume, in denen man sich t\u00e4glich aufh\u00e4lt, kaum wahrgenommen. Trotzdem werden manche Orte immer wieder aufgesucht, weil sie entweder sch\u00f6n oder ungew\u00f6hnlich, heimelig und ruhig oder dynamisch sind. Vielleicht sind es sogar Lieblingspl\u00e4tze, die jeder f\u00fcr sich entdeckt hat und die aufgrund ihrer Anmut und Stille zum Entspannen und Genie\u00dfen einladen. Es k\u00f6nnen Orte sein, die Lebensfreude wecken, lebendig sind und neugierig machen und eben nicht nur durch ihre \u00c4sthetik beeindrucken, sondern durch ihre Besonderheit.<\/p>\n<div class=\"toggle\"><div class=\"title\"><i class=\"icon\"><\/i>KATEGORIE: LERNEN<\/div><div class=\"inner\"><div class=\"content\">\n<strong>R\u00e4ume und Bereiche von Bildungsst\u00e4tten<\/strong><\/p>\n<ul>\n<li>Kinderg\u00e4rten<\/li>\n<li>Schulen<\/li>\n<li>Universit\u00e4ten<\/li>\n<\/ul>\n<p>Innerhalb dieser Kategorie k\u00f6nnen Innenr\u00e4ume, wie Pausenhallen, Foyers, Cafeterias, Spiel- und Aufenthaltsr\u00e4ume sowie Flure und G\u00e4nge mit Aufenthaltsqualit\u00e4t bearbeitet werden. (Oder es k\u00f6nnen spezifische Au\u00dfenr\u00e4ume, wie Innen- und Pausenh\u00f6fe, Gr\u00fcnanlagen und zugeh\u00f6rige Flanierwege sowie Spielpl\u00e4tze und andere Au\u00dfenbereiche und -aufenthaltsorte in Betracht gezogen werden.)<br \/>\n<\/div><\/div><\/div>\n<div class=\"toggle\"><div class=\"title\"><i class=\"icon\"><\/i>KATEGORIE: WOHNEN<\/div><div class=\"inner\"><div class=\"content\">\n<p><strong>Innenr\u00e4ume \/ Privatr\u00e4ume \/Gemeinschaftsr\u00e4ume von Wohnungen, H\u00e4user, etc.<\/strong><\/p>\n<ul>\n<li>Bad<\/li>\n<li>Wohnk\u00fcche<\/li>\n<li>Wohnzimmer<\/li>\n<li>Eingangsbereich \/ Flure<\/li>\n<\/ul>\n<p>Es muss hier auf die Nutzung und Funktion des spezifischen Raumes besonderen Wert gelegt werden, um diesen R\u00e4umen eine entsprechende Atmosph\u00e4re und Anmut zu verleihen.<br \/>\n<\/div><\/div><\/div>\n<div class=\"toggle\"><div class=\"title\"><i class=\"icon\"><\/i>KATEGORIE: WELLNESS \/ SPA<\/div><div class=\"inner\"><div class=\"content\">\n<p><strong>Bereiche eines Spas oder \u00e4hnlichem<\/strong><\/p>\n<ul>\n<li>Dampfbad<\/li>\n<li>Sauna<\/li>\n<li>Hamam<\/li>\n<li>Ruheraum<\/li>\n<\/ul>\n<p>oder das Umsetzen seiner eigenen, ganz pers\u00f6nlichen Vorstellung von seinem Lieblingsort in dieser spezifischen Umgebung, der Sinne und K\u00f6rper pflegt, anhand der Anwendung des eigens entworfenen Fliesenkonzeptes.<br \/>\n<\/div><\/div><\/div>\n<div class=\"toggle\"><div class=\"title\"><i class=\"icon\"><\/i>BEWERTUNGSKRITERIEN<\/div><div class=\"inner\"><div class=\"content\">\n<ul>\n<li>Idee<\/li>\n<li>Konzeption<\/li>\n<li>Innovation<\/li>\n<li>Gestaltungsqualit\u00e4t<\/li>\n<li>Komposition<\/li>\n<li>Realisierbarkeit<\/li>\n<\/ul>\n<\/div><\/div><\/div>\n","protected":false},"excerpt":{"rendered":"<p>TILED HAUNTS \u2013 geflieste Lieblingspl\u00e4tze, Treffpunkte und Lebensr\u00e4ume Oft werden der Ort, die Umgebung oder die Lebensr\u00e4ume, in denen man sich t\u00e4glich aufh\u00e4lt, kaum wahrgenommen. Trotzdem werden manche Orte immer wieder aufgesucht, weil sie entweder sch\u00f6n oder ungew\u00f6hnlich, heimelig und ruhig oder dynamisch sind. Vielleicht sind es sogar Lieblingspl\u00e4tze, die jeder f\u00fcr sich entdeckt hat [&hellip;]<\/p>\n","protected":false},"author":4,"featured_media":0,"parent":73,"menu_order":5,"comment_status":"closed","ping_status":"closed","template":"page-templates\/child-menu-left.php","meta":[],"_links":{"self":[{"href":"https:\/\/ait-xia-dialog.de\/tile-award\/wp-json\/wp\/v2\/pages\/1509"}],"collection":[{"href":"https:\/\/ait-xia-dialog.de\/tile-award\/wp-json\/wp\/v2\/pages"}],"about":[{"href":"https:\/\/ait-xia-dialog.de\/tile-award\/wp-json\/wp\/v2\/types\/page"}],"author":[{"embeddable":true,"href":"https:\/\/ait-xia-dialog.de\/tile-award\/wp-json\/wp\/v2\/users\/4"}],"replies":[{"embeddable":true,"href":"https:\/\/ait-xia-dialog.de\/tile-award\/wp-json\/wp\/v2\/comments?post=1509"}],"version-history":[{"count":9,"href":"https:\/\/ait-xia-dialog.de\/tile-award\/wp-json\/wp\/v2\/pages\/1509\/revisions"}],"predecessor-version":[{"id":2462,"href":"https:\/\/ait-xia-dialog.de\/tile-award\/wp-json\/wp\/v2\/pages\/1509\/revisions\/2462"}],"up":[{"embeddable":true,"href":"https:\/\/ait-xia-dialog.de\/tile-award\/wp-json\/wp\/v2\/pages\/73"}],"wp:attachment":[{"href":"https:\/\/ait-xia-dialog.de\/tile-award\/wp-json\/wp\/v2\/media?parent=1509"}],"curies":[{"name":"wp","href":"https:\/\/api.w.org\/{rel}","templated":true}]}}