{"id":10,"date":"2013-11-25T20:38:04","date_gmt":"2013-11-25T19:38:04","guid":{"rendered":"http:\/\/p210282.webspaceconfig.de\/?page_id=10"},"modified":"2023-02-20T16:34:58","modified_gmt":"2023-02-20T15:34:58","slug":"teilnahme","status":"publish","type":"page","link":"https:\/\/ait-xia-dialog.de\/tile-award\/teilnahme\/","title":{"rendered":"Teilnahme"},"content":{"rendered":"<h3>1. Schritt<\/h3>\n<p>Registrierung: Ausf\u00fcllen und einsenden des <a href=\"https:\/\/ait-xia-dialog.de\/tile-award\/wp-content\/uploads\/2017\/05\/registrierung_tile_award_2017.pdf\" target=\"_blank\" rel=\"noopener\">Anmeldeformulars <\/a><\/p>\n<h3>2. Schritt<\/h3>\n<p>Entwurf und <a href=\"https:\/\/ait-xia-dialog.de\/tile-award\/wp-content\/uploads\/2017\/03\/vorlage_projekterlaeuterung_tileaward2017.pdf\" target=\"_blank\" rel=\"noopener\">Projektbeschreibung<\/a> bis zum 16. Juni 2017 einsenden<\/p>\n<h3>3. Schritt<\/h3>\n<p>Evtl. teilnehmen am Workshop in Island<\/p>\n<div class=\"hr\"><\/div>\n<h2>Ausschreibung &#8211; Allgemeine Informationen<\/h2>\n<h3>Tile Award &#8211; International Newcomer Award 2017<\/h3>\n<p>Zum vierten Mal sind beim Newcomer-Wettbewerb \u201eTile Award\u201c von AGROB BUCHTAL in Zusammenarbeit mit der AIT-Dialog, Architekten und Innenarchitekten unter 38 Jahren gefragt, neue, unkonventionelle und aufsehenerregende Interieurs mit dem Material Keramikfliese zu gestalten. Gesucht werden kreative und fortschrittliche Ideen, die die vielf\u00e4ltigen Gestaltungsm\u00f6glichkeiten des Materials aufzeigen.Einsendeschluss der Raumvisionen ist der 16. Juni 2017. <\/p>\n<p>&nbsp;<\/p>\n<h3>AUFGABE, ABLAUF UND ZIEL<\/h3>\n<p>Aufgabe des Wettbewerbs ist es, einen Raum durch die Verwendung von Fliesen (neu) zu gestalten. Es gilt nicht, eine neue Fliese zu entwerfen, sondern aufzuzeigen, wie mit Fliesen innovativ und kreativ geplant werden kann. Drei Kategorien stehen zur Auswahl. Die Teilnehmer d\u00fcrfen mehrere Kategorien bearbeiten. Demnach k\u00f6nnen pro Teilnehmer maximal drei Arbeiten eingereicht werden. Ziel ist es, die besten Ideen zu realisieren und diese in einem Fotoshooting f\u00fcr eine aufwendige Architekturpublikation abzubilden.<\/p>\n<p>In der ersten Phase wir eine rennomierte Jury aus Architekten und Innenarchitekten aus allen eingereichten Arbeiten, die neun der \u00fcberzeugend Ideen ausw\u00e4hlen. Mitglieder der Jury sind u. a. Christian Waldner (AllesWirdGut Architektur ZT GmbH, AT-Wien\/DE-M\u00fcnchen) und Brendan Macfarlane (Jakob + Macfarlane, FR-Paris).<\/p>\n<p>In der zweiten Phase des Wettbewerbs werden diese Gewinner zu einem Workshop nach Island eingeladen. Dort bekommen sie die M\u00f6glichkeit, ihre Ergebnisse vorzustellen und ihre Ideen gemeinsam mit Experten von AGROB BUCHTAL weiter zu entwickeln. F\u00fcr den Entwurf werden im Rahmen des Workshops Grundrisse und Isometrien entwickelt. Der Realisierungsrahmen und das Budget sind vorher festgelegt und die Arbeiten k\u00f6nnen im Bezug auf eine eventuelle Realisierbarkeit verfeinert werden.<\/p>\n<p>Nach dem Workshop findet die zweite Jurysitzung statt, in der die kreativsten Resultate ausgew\u00e4hlt werden. Diese Arbeiten werden 1:1 umgesetzt und im Rahmen eines professionellen Fotoshootings dokumentiert.<\/p>\n<p>Wie das Material Fliese angewendet wird, ist dem Gestalter \u00fcberlassen. Als Basis f\u00fcr den Ideenwettbewerb kann zum Beispiel ein Geb\u00e4ude aus der eigenen Stadt ausgew\u00e4hlt werden, in dem ein Raum umgestaltet oder neugestaltet wird. Ebenso kann ein fiktiver Raum Ausgangspunkt der Gestaltung sein.<br \/>\nDer Entwurf kann als Zeichnung, Fotomontage oder Visualisierung eingereicht werden.<\/p>\n<p><a href=\"https:\/\/ait-xia-dialog.de\/tile-award\">www.tile-award.com<\/a>\u00a0 l\u00a0 <a href=\"http:\/\/www.ait-online.de\" target=\"_blank\" rel=\"noopener\">www.ait-online.de<\/a>\u00a0 l\u00a0 <a href=\"http:\/\/www.agrob-buchtal.de\" target=\"_blank\" rel=\"noopener\">www.agrob-buchtal.de<\/a><\/p>\n<p>&nbsp;<\/p>\n<h3>THEMA UND KATEGORIEN<\/h3>\n<h3>Farbe und Patterns in der Architektur<\/h3>\n<p>Muster haben eine bewegte Geschichte innerhalb der Architektur: Wurden sie hierzulande lange Zeit als u\u0308berflu\u0308ssiges Dekor angesehen und als Modeerscheinung abgetan, um die \u00c4sthetik der absoluten Reduktion zu rechtfertigen, zeugt beispielsweise die islamische Architektur von einer reichen Formensprache an abstrakten geometrischen Mustern. Unbestreitbar allerdings ist die besondere Wirkung von Farben und Patterns auf den Menschen: Sie erzeugen unterschiedliche Stimmungen, schaffen spezielle Atmosph\u00e4ren und k\u00f6nnen ebenso Emotionen hervorrufen als auch Erinnerungen wecken. Innerhalb der Architektur k\u00f6nnen mit diesen Mitteln bewusst Assoziationen geschaffen werden, indem gezielt Akzente gesetzt, einzelne Fl\u00e4chen mit Farben und Mustern belegt oder komplette R\u00e4ume kraftvoll gestaltet werden.<\/p>\n<div class=\"toggle\"><div class=\"title\"><i class=\"icon\"><\/i>Kategorie MOBIL\/TRANSIT<\/div><div class=\"inner\"><div class=\"content\">\n<strong><\/strong><\/p>\n<ul>\n<li>Bahnh\u00f6fe<\/li>\n<li>Flugh\u00e4fen<\/li>\n<li>Autobahnrastst\u00e4tten<\/li>\n<p>Mobilit\u00e4t ist in der heutigen Zeit etwas Selbstverst\u00e4ndliches geworden. So sehr wir sie sch\u00e4tzen, geht sie oft<br \/>\neinher mit Stress und Hektik. Geschickt genutzt, k\u00f6nnen Farben und Muster an dieser Stelle beruhigend oder<br \/>\nauch entschleunigend wirken.<\/p>\n<\/ul>\n<\/div><\/div><\/div>\n<div class=\"toggle\"><div class=\"title\"><i class=\"icon\"><\/i>Kategorie HELP\/CARE<\/div><div class=\"inner\"><div class=\"content\">\n<p><strong><\/strong><\/p>\n<ul>\n<li>Kinderg\u00e4rten<\/li>\n<li>Arztpraxen<\/li>\n<li>Krankenh\u00e4user<\/li>\n<li>Pflegeeinrichtungen<\/li>\n<li>Altenheime<\/li>\n<p>Farben und Muster k\u00f6nnen das Befinden von Menschen positiv beeinflussen. Umso wichtiger ist die bewusste<br \/>\nIntegration dieser gestalterischen Mittel in Bauten der Kategorie Help\/Care.<\/p>\n<\/ul>\n<\/div><\/div><\/div>\n<div class=\"toggle\"><div class=\"title\"><i class=\"icon\"><\/i>Kategorie SHOP\/SHOW<\/div><div class=\"inner\"><div class=\"content\">\n<p><strong><\/strong><\/p>\n<ul>\n<li>L\u00e4den<\/li>\n<li>Showrooms<\/li>\n<li>Messest\u00e4nde<\/li>\n<li>Theater<\/li>\n<li>Museen<\/li>\n<p>Um Aufmerksamkeit zu erregen werden L\u00e4den, Showrooms oder Messest\u00e4nde tendenziell eher expressiv gestaltet. Die Einbindung von Farben und Mustern spielt hier eine entscheidende Rolle, kann mutig und vollkommen frei interpretiert werden sowie mit vorhandenen Erwartungen brechen.\n<\/ul>\n<\/div><\/div><\/div>\n<div class=\"toggle\"><div class=\"title\"><i class=\"icon\"><\/i>BEWERTUNGSKRITERIEN<\/div><div class=\"inner\"><div class=\"content\">\n<ul>\n<li>Idee<\/li>\n<li>Konzeption<\/li>\n<li>Innovation<\/li>\n<li>Gestaltungsqualit\u00e4t<\/li>\n<li>Komposition<\/li>\n<li>Realisierbarkeit<\/li>\n<\/ul>\n<\/div><\/div><\/div>\n<div class=\"toggle\"><div class=\"title\"><i class=\"icon\"><\/i>TERMINE<\/div><div class=\"inner\"><div class=\"content\">\n<p><strong>Einsendeschluss der Arbeiten: 16. Juni 2017<\/strong><br \/>\nDas Datum des Poststempels oder der E-Mail z\u00e4hlt. Abgabe per E-Mail (max. 20 MB) oder per Post (in Form einer CD)<\/p>\n<p><strong>1. Jurysitzung: 7. Juli 2017<\/strong><br \/>\nAuswahl der Workshopteilnehmer.<\/p>\n<p><strong>Workshop mit den Preistr\u00e4gern der 1. Phase: 3.-8. September 2017<\/strong><br \/>\nDie Sch\u00f6pfer der neun \u00fcberzeugendsten Arebiten werden zu einem viert\u00e4gigen Workshop nach Island eingeladen.<\/p>\n<p><strong>2. Jurysitzung: 20. Oktober 2017<\/strong><br \/>\nErmittlung der Arbeiten, die im 1:1 Modell realisiert und ver\u00f6ffentlicht werden<\/p>\n<p><strong>Im Anschluss Bau und Fotoshooting der Gewinner-Entw\u00fcrfe.<\/strong><\/p>\n<\/div><\/div><\/div>\n<p>&nbsp;<\/p>\n<h3>TEILNAHMEBEDINGUNGEN<\/h3>\n<p>Teilnahmeberechtigt sind Architekten und Innenarchitekten welche nicht \u00e4lter sind als 38 Jahre.<br \/>\nStudierende der Architektur und Innenarchitektur sind von diesem Wettbewerb leider ausgeschlossen.<\/p>\n<p>&nbsp;<\/p>\n<h3>ERFORDERLICHE UNTERLAGEN<\/h3>\n<p>Jeder Teilnehmer darf maximal zwei A3 B\u00f6gen pro Entwurf einreichen, dazu geh\u00f6rt eine 1\/2 Seite (A4) Projekterl\u00e4uterung. In jeder Kategorie darf <strong>pro Person eine Arbeit<\/strong> eingereicht werden.<\/p>\n<p>Bitte senden Sie uns die Entw\u00fcrfe und die Erl\u00e4uterung in digitaler Form.<\/p>\n<p>Per Post auf CD:<br \/>\n<strong>Gesellschaft f\u00fcr Knowhow-Transfer in Architektur und Bauwesen mbH<\/strong><br \/>\n\u201eTile Award 2017\u201c<br \/>\nBei den M\u00fchren 70<br \/>\n20457 Hamburg<\/p>\n<p>Per E-Mail (max. 20 MB):<br \/>\n<a href=\"mailto:tile-award@ait-online.de\">tile-award@ait-online.de<\/a><\/p>\n<p>&nbsp;<\/p>\n<h3>URHEBERRECHT<\/h3>\n<p><strong>1. Geistiges Eigentum<\/strong><br \/>\nDie Teilnehmer bleiben in vollem Umfang geistiger Eigent\u00fcmer ihres Werkes (d.h. des Entwurfs).<\/p>\n<p><strong>2. Ver\u00f6ffentlichungsrecht<\/strong><br \/>\nDie Teilnehmer r\u00e4umen ausschlie\u00dflich den Veranstaltern kostenlos das Recht ein, die Entw\u00fcrfe (Werke) und das Foto- und Filmmaterial der zweiten Workshop-Phase f\u00fcr Public-Relations- und Marketingzwecke zu ver\u00f6ffentlichen. Die Veranstalter bem\u00fchen sich, bei der Ver\u00f6ffentlichung, so weit es m\u00f6glich ist, den Urheber (Teilnehmer) des Entwurfs zu benennen.<\/p>\n<p><strong>3. Vereinbarung<\/strong><br \/>\nBeabsichtigen die Veranstalter die weitere Nutzung und Verwertung eines oder mehrerer Entw\u00fcrfe (Werke) aus der zweiten Phase (Workshop), werden die Veranstalter mit dem betreffenden Teilnehmer eine Vereinbarung \u00fcber Nutzungs- und Verwertungsrechte treffen. Diese Absicht werden die Veranstalter dem Teilnehmer innerhalb von 6 Monaten nach Ende des Wettbewerbs schriftlich mitteilen. Die Teilnehmer der zweiten Phase (Workshop) verpflichten sich, ihre Entw\u00fcrfe (Werke) innerhalb von 12 Monaten nach Ende des Wettbewerbs, keinem Dritten zur Nutzung und Verwertung anzubieten. Nach Ende des Zeitraums ist der Teilnehmer nach entsprechender Nachricht an die Veranstalter frei, seinen Entwurf (Werk) anzubieten.<\/p>\n<p><strong>4. Geheimhaltung<\/strong><br \/>\nJeder Teilnehmer verpflichtet sich, alle Informationen, Daten, eigene Entw\u00fcrfe, Entw\u00fcrfe anderer Teilnehmer, Arbeits-\/Zwischenergebnisse, Unterlagen, Ideen, Ziele die er direkt oder indirekt ihm Rahmen des Wettbewerbs erlangt, geheim zu halten und Dritten nicht zug\u00e4nglich zu machen. Die Geheimhaltungspflicht gilt nicht f\u00fcr Informationen, die allgemein bekannt sind oder ohne Versto\u00df gegen diese Verpflichtung allgemein bekannt werden. Diese Geheimhaltungsverpflichtung bleibt auch \u00fcber das Ende des Wettbewerbs hinaus bestehen.<\/p>\n<p><strong>5. Sonstiges<\/strong><br \/>\nMit der Einsendung des Entwurfs erkennt der Teilnehmer die allgemeinen Informationen und Teilnahmebedingungen an. Der Rechtsweg f\u00fcr den Wettbewerb &#8222;Tile Award 2017&#8220; ist ausgeschlossen.<\/p>\n<p><strong>6. Veranstalter<\/strong><br \/>\nAGROB BUCHTAL GmbH | Buchtal 1 | 92521 Schwarzenfeld<br \/>\nGesellschaft f\u00fcr Know-How-Transfer in Architektur und Bauwesen mbH | Fasanenweg 18 | 70771 Leinfelden-Echterdingen<\/p>\n<p>\u00a9 2017 GKT\/AIT<\/p>\n","protected":false},"excerpt":{"rendered":"<p>1. Schritt Registrierung: Ausf\u00fcllen und einsenden des Anmeldeformulars 2. Schritt Entwurf und Projektbeschreibung bis zum 16. Juni 2017 einsenden 3. Schritt Evtl. teilnehmen am Workshop in Island Ausschreibung &#8211; Allgemeine Informationen Tile Award &#8211; International Newcomer Award 2017 Zum vierten Mal sind beim Newcomer-Wettbewerb \u201eTile Award\u201c von AGROB BUCHTAL in Zusammenarbeit mit der AIT-Dialog, Architekten [&hellip;]<\/p>\n","protected":false},"author":4,"featured_media":0,"parent":0,"menu_order":2,"comment_status":"closed","ping_status":"open","template":"page-templates\/child-menu-left.php","meta":[],"_links":{"self":[{"href":"https:\/\/ait-xia-dialog.de\/tile-award\/wp-json\/wp\/v2\/pages\/10"}],"collection":[{"href":"https:\/\/ait-xia-dialog.de\/tile-award\/wp-json\/wp\/v2\/pages"}],"about":[{"href":"https:\/\/ait-xia-dialog.de\/tile-award\/wp-json\/wp\/v2\/types\/page"}],"author":[{"embeddable":true,"href":"https:\/\/ait-xia-dialog.de\/tile-award\/wp-json\/wp\/v2\/users\/4"}],"replies":[{"embeddable":true,"href":"https:\/\/ait-xia-dialog.de\/tile-award\/wp-json\/wp\/v2\/comments?post=10"}],"version-history":[{"count":73,"href":"https:\/\/ait-xia-dialog.de\/tile-award\/wp-json\/wp\/v2\/pages\/10\/revisions"}],"predecessor-version":[{"id":4563,"href":"https:\/\/ait-xia-dialog.de\/tile-award\/wp-json\/wp\/v2\/pages\/10\/revisions\/4563"}],"wp:attachment":[{"href":"https:\/\/ait-xia-dialog.de\/tile-award\/wp-json\/wp\/v2\/media?parent=10"}],"curies":[{"name":"wp","href":"https:\/\/api.w.org\/{rel}","templated":true}]}}