{"id":2630,"date":"2014-08-04T16:05:49","date_gmt":"2014-08-04T14:05:49","guid":{"rendered":"https:\/\/ait-xia-dialog.de\/tile-award\/?page_id=2630"},"modified":"2014-08-05T13:09:04","modified_gmt":"2014-08-05T11:09:04","slug":"akos-schreck","status":"publish","type":"page","link":"https:\/\/ait-xia-dialog.de\/tile-award\/en\/participants\/2010-2\/participants-2\/akos-schreck\/","title":{"rendered":"\u00c1kos Schreck"},"content":{"rendered":"<div class=\"grid one-half\">\n<a href=\"https:\/\/ait-xia-dialog.de\/tile-award\/wp-content\/uploads\/2014\/07\/Kopie-von-schreckakos_7x7_300.jpg\" data-rel=\"lightbox-image-0\" data-imagelightbox=\"0\" data-rl_title=\"\" data-rl_caption=\"\" title=\"\"><img decoding=\"async\" loading=\"lazy\" class=\"alignnone wp-image-2361 size-medium\" src=\"https:\/\/ait-xia-dialog.de\/tile-award\/wp-content\/uploads\/2014\/07\/Kopie-von-schreckakos_7x7_300-300x300.jpg\" alt=\"Kopie von schreckakos_7x7_300\" width=\"300\" height=\"300\" srcset=\"https:\/\/ait-xia-dialog.de\/tile-award\/wp-content\/uploads\/2014\/07\/Kopie-von-schreckakos_7x7_300-300x300.jpg 300w, https:\/\/ait-xia-dialog.de\/tile-award\/wp-content\/uploads\/2014\/07\/Kopie-von-schreckakos_7x7_300-150x150.jpg 150w, https:\/\/ait-xia-dialog.de\/tile-award\/wp-content\/uploads\/2014\/07\/Kopie-von-schreckakos_7x7_300-640x640.jpg 640w, https:\/\/ait-xia-dialog.de\/tile-award\/wp-content\/uploads\/2014\/07\/Kopie-von-schreckakos_7x7_300-170x170.jpg 170w, https:\/\/ait-xia-dialog.de\/tile-award\/wp-content\/uploads\/2014\/07\/Kopie-von-schreckakos_7x7_300-420x420.jpg 420w, https:\/\/ait-xia-dialog.de\/tile-award\/wp-content\/uploads\/2014\/07\/Kopie-von-schreckakos_7x7_300.jpg 827w\" sizes=\"(max-width: 300px) 100vw, 300px\" \/><\/a><br \/>\n<\/div>\n<div class=\"grid one-half last\">\n<h3>\u00c1kos Schreck<\/h3>\n<p>MINUSPLUS\u00a0| HU-Budapest<br \/>\n<a href=\"http:\/\/www.minusplus.hu\/\" target=\"_blank\">www.minusplus.hu<\/a><\/p>\n<p>&nbsp;<\/p>\n<p>&nbsp;<\/p>\n<\/div><div class=\"clear\"><\/div>\n<div class=\"grid one-half\">\n<div class=\"toggle\"><div class=\"title\"><i class=\"icon\"><\/i>Vita<\/div><div class=\"inner\"><div class=\"content\">\n<ul>\n<li>1976 born in Hungary<\/li>\n<li>2010-present Chief Project Architect \/ Managing director MINUSPLUS Gener\u00e1ltervez\u00f5 Kft \/ MINUSPLUS General Design Ltd (joint owner)<\/li>\n<li>2007-2010 Chief Project Architect \/ Managing director TEAM0708 \u00c9p\u00edt\u00e9sz Kft \/ TEAM0708 Architecture (joint owner)<\/li>\n<li>2006-2009 Masters Training Postgraduate Course Department of Public Building Design (BME) \/ Hungary<\/li>\n<li>2006-2007 Assistant Lecturer Department of Public Building Design (BME) \/ Hungary<\/li>\n<li>2004-2010 Doctor of Liberal Arts studies Department of Public Building Design (BME) \/ Hungary<\/li>\n<li>2002-2008 MINUSPLUS \u00c9p\u00edt\u00e9sz Kft \/ MINUSPLUS Architects (joint owner)<\/li>\n<li>2002-present Chief Project Architect \/ Managing director<\/li>\n<li>1996-2002 MSc Architecture Budapest University of Technology and Economics (BME) \/ Hungary<\/li>\n<\/ul>\n<\/div><\/div><\/div>\n<\/div>\n<div class=\"grid one-half last\">\n<div class=\"toggle\"><div class=\"title\"><i class=\"icon\"><\/i>MINUSPLUS | CUSTOM MADE ARCHITECTURE<\/div><div class=\"inner\"><div class=\"content\">\nMinusplus is an innovative architecture and research studio. Our design process unites idea and context with signature details to result in a custom made architecture. We are linking a wide range of disciplines, focusing on collaborative and experimental design methods, accenting on human presence. Our work is defined through a wide field: exploration, research, exterimentation and modeling. We wide our perception on technologies, by cooperating with experts from other disciplines to involve new solutions and innovations in our projects. Minusplus was established in 2002, by three architects: Zsolt ALEXA, Don\u00e1t RABB and \u00c1kos SCHRECK.<\/p>\n<\/div><\/div><\/div>\n<\/div><div class=\"clear\"><\/div>\n<p>&nbsp;<\/p>\n<p>&nbsp;<\/p>\n<h3>Workshop result<\/h3>\n\n\t\t<style type=\"text\/css\">\n\t\t\t#gallery-1 {\n\t\t\t\tmargin: auto;\n\t\t\t}\n\t\t\t#gallery-1 .gallery-item {\n\t\t\t\tfloat: left;\n\t\t\t\tmargin-top: 10px;\n\t\t\t\ttext-align: center;\n\t\t\t\twidth: 33%;\n\t\t\t}\n\t\t\t#gallery-1 img {\n\t\t\t\tborder: 2px solid #cfcfcf;\n\t\t\t}\n\t\t\t#gallery-1 .gallery-caption {\n\t\t\t\tmargin-left: 0;\n\t\t\t}\n\t\t\t\/* see gallery_shortcode() in wp-includes\/media.php *\/\n\t\t<\/style>\n\t\t<div id='gallery-1' class='gallery galleryid-2630 gallery-columns-3 gallery-size-thumbnail'><dl class='gallery-item'>\n\t\t\t<dt class='gallery-icon landscape'>\n\t\t\t\t<a href='https:\/\/ait-xia-dialog.de\/tile-award\/wp-content\/uploads\/2014\/07\/201000825_agrob-buchtal-cersaie_schreck-4.jpg' title=\"\" data-rl_title=\"\" class=\"rl-gallery-link\" data-rl_caption=\"\" data-rel=\"lightbox-gallery-1\"><img width=\"150\" height=\"150\" src=\"https:\/\/ait-xia-dialog.de\/tile-award\/wp-content\/uploads\/2014\/07\/201000825_agrob-buchtal-cersaie_schreck-4-150x150.jpg\" class=\"attachment-thumbnail size-thumbnail\" alt=\"\" decoding=\"async\" loading=\"lazy\" srcset=\"https:\/\/ait-xia-dialog.de\/tile-award\/wp-content\/uploads\/2014\/07\/201000825_agrob-buchtal-cersaie_schreck-4-150x150.jpg 150w, https:\/\/ait-xia-dialog.de\/tile-award\/wp-content\/uploads\/2014\/07\/201000825_agrob-buchtal-cersaie_schreck-4-170x170.jpg 170w, https:\/\/ait-xia-dialog.de\/tile-award\/wp-content\/uploads\/2014\/07\/201000825_agrob-buchtal-cersaie_schreck-4-420x420.jpg 420w\" sizes=\"(max-width: 150px) 100vw, 150px\" \/><\/a>\n\t\t\t<\/dt><\/dl><dl class='gallery-item'>\n\t\t\t<dt class='gallery-icon landscape'>\n\t\t\t\t<a href='https:\/\/ait-xia-dialog.de\/tile-award\/wp-content\/uploads\/2014\/07\/201000825_agrob-buchtal-cersaie_schreck-3.jpg' title=\"\" data-rl_title=\"\" class=\"rl-gallery-link\" data-rl_caption=\"\" data-rel=\"lightbox-gallery-1\"><img width=\"150\" height=\"150\" src=\"https:\/\/ait-xia-dialog.de\/tile-award\/wp-content\/uploads\/2014\/07\/201000825_agrob-buchtal-cersaie_schreck-3-150x150.jpg\" class=\"attachment-thumbnail size-thumbnail\" alt=\"\" decoding=\"async\" loading=\"lazy\" srcset=\"https:\/\/ait-xia-dialog.de\/tile-award\/wp-content\/uploads\/2014\/07\/201000825_agrob-buchtal-cersaie_schreck-3-150x150.jpg 150w, https:\/\/ait-xia-dialog.de\/tile-award\/wp-content\/uploads\/2014\/07\/201000825_agrob-buchtal-cersaie_schreck-3-170x170.jpg 170w, https:\/\/ait-xia-dialog.de\/tile-award\/wp-content\/uploads\/2014\/07\/201000825_agrob-buchtal-cersaie_schreck-3-420x420.jpg 420w\" sizes=\"(max-width: 150px) 100vw, 150px\" \/><\/a>\n\t\t\t<\/dt><\/dl>\n\t\t\t<br style='clear: both' \/>\n\t\t<\/div>\n\n<p>&nbsp;<\/p>\n","protected":false},"excerpt":{"rendered":"<p>&nbsp; &nbsp; Workshop result &nbsp;<\/p>\n","protected":false},"author":4,"featured_media":0,"parent":2668,"menu_order":15,"comment_status":"closed","ping_status":"closed","template":"page-templates\/child-menu-left.php","meta":[],"_links":{"self":[{"href":"https:\/\/ait-xia-dialog.de\/tile-award\/en\/wp-json\/wp\/v2\/pages\/2630"}],"collection":[{"href":"https:\/\/ait-xia-dialog.de\/tile-award\/en\/wp-json\/wp\/v2\/pages"}],"about":[{"href":"https:\/\/ait-xia-dialog.de\/tile-award\/en\/wp-json\/wp\/v2\/types\/page"}],"author":[{"embeddable":true,"href":"https:\/\/ait-xia-dialog.de\/tile-award\/en\/wp-json\/wp\/v2\/users\/4"}],"replies":[{"embeddable":true,"href":"https:\/\/ait-xia-dialog.de\/tile-award\/en\/wp-json\/wp\/v2\/comments?post=2630"}],"version-history":[{"count":4,"href":"https:\/\/ait-xia-dialog.de\/tile-award\/en\/wp-json\/wp\/v2\/pages\/2630\/revisions"}],"predecessor-version":[{"id":2816,"href":"https:\/\/ait-xia-dialog.de\/tile-award\/en\/wp-json\/wp\/v2\/pages\/2630\/revisions\/2816"}],"up":[{"embeddable":true,"href":"https:\/\/ait-xia-dialog.de\/tile-award\/en\/wp-json\/wp\/v2\/pages\/2668"}],"wp:attachment":[{"href":"https:\/\/ait-xia-dialog.de\/tile-award\/en\/wp-json\/wp\/v2\/media?parent=2630"}],"curies":[{"name":"wp","href":"https:\/\/api.w.org\/{rel}","templated":true}]}}