{"id":144,"date":"2013-12-02T20:51:37","date_gmt":"2013-12-02T19:51:37","guid":{"rendered":"http:\/\/p210282.webspaceconfig.de\/?page_id=144"},"modified":"2013-12-19T13:14:25","modified_gmt":"2013-12-19T12:14:25","slug":"jury","status":"publish","type":"page","link":"https:\/\/ait-xia-dialog.de\/tile-award\/en\/contest\/2010-2\/jury\/","title":{"rendered":"Jury"},"content":{"rendered":"<div class=\"grid one-half\">\n<h2>Jury of the TILE AWARD 2010<\/h2>\n<\/div>\n<div class=\"grid one-half last\">\nSabine Krumrey, Tiina Parkkinen and Karin Renner.<br \/>\n<\/div><div class=\"clear\"><\/div>\n<div class=\"hr\"><\/div>\n<div class=\"grid one-half\">\n<h3>Sabine Krumrey<\/h3>\n<p>brandherm + krumrey innenarchitektur<br \/>\n<a href=\"http:\/\/www.b-k-i.de\" target=\"_blank\">www.b-k-i.de<\/a><\/p>\n<p><img decoding=\"async\" loading=\"lazy\" class=\"alignnone size-full wp-image-363\" alt=\"Sabine-Krumrey-small\" src=\"http:\/\/p210282.webspaceconfig.de\/wp-content\/uploads\/2013\/12\/Sabine-Krumrey-small.jpg\" width=\"446\" height=\"289\" srcset=\"https:\/\/ait-xia-dialog.de\/tile-award\/wp-content\/uploads\/2013\/12\/Sabine-Krumrey-small.jpg 446w, https:\/\/ait-xia-dialog.de\/tile-award\/wp-content\/uploads\/2013\/12\/Sabine-Krumrey-small-300x194.jpg 300w\" sizes=\"(max-width: 446px) 100vw, 446px\" \/><\/p>\n<div class=\"toggle\"><div class=\"title\"><i class=\"icon\"><\/i>Vita<\/div><div class=\"inner\"><div class=\"content\">\nStudies at the University of Applied Sciences Rosenheim<br \/>\nVarious stations in interior design studios in the south of Germany<br \/>\nAreas: Healthcare, shop and fair design<br \/>\nSince 1993: running an independent office for interior design<br \/>\nSince 1996: Collaboration with Susanne Brandherm<br \/>\n1999: Founding of brandherm + krumrey interior design in Cologne<br \/>\n2000: Founding of brandherm + krumrey interior design in Hamburg<\/p>\n<p><strong>The Office<\/strong><br \/>\nThe interior designers Susanne Brandherm and Sabine Krumrey are working since 1999 as brandherm + krumrey interior design in various disciplines of interior design. Services include all phases of project planning and execution according HOAI, ranging from the overall concept of large objects to the realization of detailed orders. The work focuses in the areas of hotel design, object facilities for medical care (private clinics, doctors&#8217; offices, pharmacies) and office design.<\/p>\n<p><strong>Statement<\/strong><br \/>\nCreativity is the creative force from which new, original ideas derive. It is the engine, again and again to look at each project with new eyes and to meet its challenges with individual, meaningful and unusual concepts.<br \/>\nScale for the individual planning of all objects are the wishes and needs of the customer, with the in close cooperation, the solution is found exactly suits him.<br \/>\nUncompromising reliability, realistic thinking in implementing the plan templates and a budget responsible project management ensure that visions into reality.<\/p>\n<p><strong>Current projects (Auszug)<\/strong><\/p>\n<ul>\n<li>Rebuilding Hotel Estrel Wohnbereich, section 3, 160 rooms, Berlin 2009\/2010<\/li>\n<li>Hotel Estrel Berlin rebuilding wing 2, 356 rooms, Berlin 2008\/2009<\/li>\n<li>Best Western Hotel Vlotho Bonneberg, rebuilding and renovation of the public areas, Vlotho, 2008<\/li>\n<li>Radisson SAS Restaurant and conference area, Leipzig 2008<\/li>\n<li>Rebuilding Swissotel Neuss rooms and public areas, D\u00fcsseldorf\/Neuss, 2008<\/li>\n<li>Rebuilding Seminar and leisure hotel Grosse Ledder, Bayer AG, Leverkusen, Wermelskirchen, 2008<\/li>\n<\/ul>\n<\/div><\/div><\/div>\n<\/div>\n<div class=\"grid one-half last\">\n<h3>Tiina Parkkinen<\/h3>\n<p>Berger + Parkkinen Architekten | Vienna<br \/>\n<a href=\"http:\/\/www.berger-parkkinen.com\" target=\"_blank\">www.berger-parkkinen.com<\/a><\/p>\n<p><img decoding=\"async\" loading=\"lazy\" class=\"alignnone size-full wp-image-366\" alt=\"Tiina-Parkkinen\" src=\"http:\/\/p210282.webspaceconfig.de\/wp-content\/uploads\/2013\/12\/Tiina-Parkkinen.jpg\" width=\"446\" height=\"289\" srcset=\"https:\/\/ait-xia-dialog.de\/tile-award\/wp-content\/uploads\/2013\/12\/Tiina-Parkkinen.jpg 446w, https:\/\/ait-xia-dialog.de\/tile-award\/wp-content\/uploads\/2013\/12\/Tiina-Parkkinen-300x194.jpg 300w\" sizes=\"(max-width: 446px) 100vw, 446px\" \/><\/p>\n<div class=\"toggle\"><div class=\"title\"><i class=\"icon\"><\/i>Vita<\/div><div class=\"inner\"><div class=\"content\">\nTiina Parkkinen, born in 1965 in Vienna, studied architecture at the Academy of Fine Arts in Vienna in the Master School of Prof.Timo Penttil\u00e4. In 1994 she was awarded the Champion School Award and graduated with honors.<\/p>\n<p>Tiina Parkkinen and Alfred Berger founded Berger 1995 + Parkkinen architect based in Vienna and Helsinki. In the founding year, they won the competition for the Nordic Embassies in Berlin. The extraordinary embassy complex, surrounded by a 15 m high copper facade, was opened in October 1999 in a joint ceremony of the five Nordic countries and Germany, attended by all six heads of state. The construction sparked enormous media coverage and has won several awards (DuPont Benedictus Award 2003, AIT Award 2004 and finalist for the Mies van der Rohe Award).<\/p>\n<p>There were other implementations, among them the new building of the University of Applied Sciences Hagenberg (awarded as the Best Building of the Year 2005 in Upper Austria), the residence of the Royal Norwegian Embassy in Vienna, the Eastern European headquarters of the British Council in Vienna as well as the recently completed housing in Vienna. Later this year, the company opened the ice sports center of Vienna, next year the first construction phase of Competence Park Salzburg as well as the construction of housing in Ljubljana, which will be completed in 2011.<\/p>\n<p><strong>The office<\/strong><br \/>\nNumerous competition successes, such as the Parlement Nouveau in Lausanne, the Ile Seguin and Boulogne-Billancourt in Paris, the Museum MCUR in La R\u00e9union and the theater in Saint-Nazaire could Berger + Parkkinen architects continue to work internationally in recent years.<br \/>\nIn magazines and newspapers is written not only about the internationally acclaimed buildings. Alfred Berger and Tiina Parkkinen are also frequently cited issues around the topic of architecture. Jurors activities and exhibitions and lectures they perform regularly in numerous capitals of the EU, Asia, Mexico and the United States. Regular projects by Berger + Parkkinen at the Architecture Biennale in Venice and London are issued. A monograph on the work of Berger + Parkkinen architect is in preparation and we appear next year.<\/p>\n<p><strong>Aktuelle Projekte<\/strong> (Auszug)<\/p>\n<ul>\n<li>2000 &#8211; 2011 Station center Altona, Hamburg, invited competition, 1st prize<\/li>\n<li>2006 &#8211; 2008 residential house at Silbergasse, Vienna, invited competition, 1st prize (realization)<\/li>\n<li>2006 &#8211; 2007 Museum MCUR (Maison des civilisations et de l\u00b4Unit\u00e9 R\u00e9unionaise), La R\u00e9union, invited competition, 3rd prize<\/li>\n<li>2004 &#8211; 2007 residence of the Royal Norwegian Embassy, Vienna , rebuild (realization)<\/li>\n<li>2006 Th\u00e9\u00e2tre de Saint-Nazaire, France, invited competition, 2nd prize<\/li>\n<\/ul>\n<\/div><\/div><\/div>\n<\/div><div class=\"clear\"><\/div>\n<div class=\"hr\"><\/div>\n<div class=\"grid one-half\">\n<h3>Karin Renner<\/h3>\n<p>RENNER HAINKE WIRTH ARCHITEKTEN GMBH | Hamburg, Germany<br \/>\n<a href=\"http:\/\/www.rhwarchitekten.de\" target=\"_blank\">www.rhwarchitekten.de<\/a><\/p>\n<p><img decoding=\"async\" loading=\"lazy\" class=\"alignnone size-full wp-image-369\" alt=\"Karin-Renner\" src=\"http:\/\/p210282.webspaceconfig.de\/wp-content\/uploads\/2013\/12\/Karin-Renner.jpg\" width=\"446\" height=\"289\" srcset=\"https:\/\/ait-xia-dialog.de\/tile-award\/wp-content\/uploads\/2013\/12\/Karin-Renner.jpg 446w, https:\/\/ait-xia-dialog.de\/tile-award\/wp-content\/uploads\/2013\/12\/Karin-Renner-300x194.jpg 300w\" sizes=\"(max-width: 446px) 100vw, 446px\" \/><\/p>\n<div class=\"toggle\"><div class=\"title\"><i class=\"icon\"><\/i>Vita<\/div><div class=\"inner\"><div class=\"content\">\nChamber of architects Hamburg, freelance architect, Member of BDA Hamburg<br \/>\n2001 membder Zonta Hamburg \/ international<\/p>\n<p><strong>Education<\/strong><\/p>\n<ul>\n<li>1963 born in Hannover<\/li>\n<li>1982 &#8211; 1990 studies RWTH Aachen<\/li>\n<li>1985 &#8211; 1986 Year grant TH Delft, The Netherlands, Prof. H. Herzberger<\/li>\n<\/ul>\n<p><strong>Praxis<\/strong><\/p>\n<ul>\n<li>1985 &#8211; 1986 Ton Alberts Architecten, Amsterdam, NL<\/li>\n<li>1988 &#8211; 1989 Adele Naude Santos Architects, Philadelphia, USA<\/li>\n<li>1990 &#8211; 1991 Axel Schultes, BJSS, Berlin<\/li>\n<li>1991 &#8211; 1992 Alsop &amp; St\u00f6rmer Architects, London, GB<\/li>\n<li>1992 &#8211; 1997 Alsop &amp; St\u00f6rmer Architects, Hamburg, D1997<\/li>\n<li>establishment of office Renner Architekten<\/li>\n<li>1999 Renner Hainke Wirth Architekten<\/li>\n<li>2007 Renner Hainke Wirth Architekten GmbH<\/li>\n<\/ul>\n<p><strong>Teaching<\/strong><\/p>\n<ul>\n<li>1995 Tutor Winterschool, university of Moskau<\/li>\n<li>1997 Guest lecturer RWTH Aachen, Department of Housing, Seminar: Refurbishment exhibitions, awards<\/li>\n<li>2001 &#8211; 2002 lectureship, University of Applied Sciences Hamburg<\/li>\n<li>2002 lecture Hochschule f. Kunst u. Design, Halle<\/li>\n<li>2002 lecture TU Siegen<\/li>\n<li>2003 Guest lecturer University of Applied Sciences Mainz, Lehrstuhl f\u00fcr Geb\u00e4udelehre<\/li>\n<li>2004 lecture Muthesius University Kiel<\/li>\n<li>2004 interim jury, TU Braunschweig Prof. R. Schuster<\/li>\n<li>2005 Seminar \u201eGender Studies\u201c TU Hamburg-Harburg, Prof. M. Jarchow<\/li>\n<li>2006 Guest review TU Hannover, Prof. H.Slawik<\/li>\n<li>2007 Guest lectur Universit\u00e4t M\u00fcnster<\/li>\n<li>2010 lecture Architekturforum L\u00fcbeck<\/li>\n<li>seit 2004 Adjudicator for competitions of the city of Hamburg and IBA Hamburg<\/li>\n<\/ul>\n<p><strong>The office<\/strong><br \/>\nThe office was founded in 1997 in the heart of St.Pauli in Hamburg. By building the reception building of Lufthansa Technik the success of &#8220;Renner Hainke Wirth architects&#8221; started in 1999.<br \/>\nIn the meantime, the team of architects grew to 25 employees. The planning priorities in the draft as well as the planning permission application and implementation planning of high and urban projects, urban master plans, reports and renovations. The planning of high-quality interiors, light and open space planning as well as the visualization of the projects complement the extensive activities within the office space B71 . Tasks from the private house on facade restoration or renovation , office and residential buildings to transport buildings and master plans determine the diversity of the power spectrum of the office. Participation in national and international competitions as well as the processing of reports with the resulting buildings dominate the work of Renner Hainke Wirth architects.<\/p>\n<p><strong>Statement<\/strong><br \/>\nEveryone is constantly confronted with architecture. Architecture is more than use value creation. Architecture is built concept with sensuality &#8211; or not. A good team of investors, users and architect recognizes and worked out, which uses needs a place. Architecture must be tailored to the location, function, time and on budget, and people. The design is then, it is the creative freedom as sensitive response to the genius loci. The art lies in the self-limitation of resources, aesthetic and economic<br \/>\nWays. Architecture must have a structure and take a stand, because it is and remains publicly and tangible.<\/p>\n<p><strong>Current projects<\/strong> (Auszug)<\/p>\n<ul>\n<li>205 &#8211; Innovation Center Lufthansa Technik Hamburg<\/li>\n<li>024 &#8211; reception building Lufthansa Basis,Hamburg<\/li>\n<li>106 &#8211; Falkenried Baufeld Hamburg Hoheluft<\/li>\n<li>229 &#8211; Hamburg Cruise Center II Hamburg-Altona<\/li>\n<li>121 &#8211; Hamburg Cruise Center HCC<\/li>\n<li>155 &#8211; Police station Verkehrsstaffel Ost Hamburg-Wandsbek<\/li>\n<li>210 &#8211; de Scharnier Rotterdam<\/li>\n<li>249 &#8211; design competition Park Palais Oppenheim 1st prize<\/li>\n<\/ul>\n<\/div><\/div><\/div>\n<\/div>\n<div class=\"grid one-half last\">\n<\/div><div class=\"clear\"><\/div>\n","protected":false},"excerpt":{"rendered":"","protected":false},"author":4,"featured_media":0,"parent":142,"menu_order":19,"comment_status":"closed","ping_status":"open","template":"page-templates\/child-menu-left.php","meta":[],"_links":{"self":[{"href":"https:\/\/ait-xia-dialog.de\/tile-award\/en\/wp-json\/wp\/v2\/pages\/144"}],"collection":[{"href":"https:\/\/ait-xia-dialog.de\/tile-award\/en\/wp-json\/wp\/v2\/pages"}],"about":[{"href":"https:\/\/ait-xia-dialog.de\/tile-award\/en\/wp-json\/wp\/v2\/types\/page"}],"author":[{"embeddable":true,"href":"https:\/\/ait-xia-dialog.de\/tile-award\/en\/wp-json\/wp\/v2\/users\/4"}],"replies":[{"embeddable":true,"href":"https:\/\/ait-xia-dialog.de\/tile-award\/en\/wp-json\/wp\/v2\/comments?post=144"}],"version-history":[{"count":5,"href":"https:\/\/ait-xia-dialog.de\/tile-award\/en\/wp-json\/wp\/v2\/pages\/144\/revisions"}],"predecessor-version":[{"id":1088,"href":"https:\/\/ait-xia-dialog.de\/tile-award\/en\/wp-json\/wp\/v2\/pages\/144\/revisions\/1088"}],"up":[{"embeddable":true,"href":"https:\/\/ait-xia-dialog.de\/tile-award\/en\/wp-json\/wp\/v2\/pages\/142"}],"wp:attachment":[{"href":"https:\/\/ait-xia-dialog.de\/tile-award\/en\/wp-json\/wp\/v2\/media?parent=144"}],"curies":[{"name":"wp","href":"https:\/\/api.w.org\/{rel}","templated":true}]}}