{"id":115,"date":"2013-12-02T20:42:34","date_gmt":"2013-12-02T19:42:34","guid":{"rendered":"http:\/\/p210282.webspaceconfig.de\/?page_id=115"},"modified":"2014-08-04T17:20:13","modified_gmt":"2014-08-04T15:20:13","slug":"2010-2","status":"publish","type":"page","link":"https:\/\/ait-xia-dialog.de\/tile-award\/en\/participants\/2010-2\/","title":{"rendered":"2010"},"content":{"rendered":"<p><a href=\"https:\/\/ait-xia-dialog.de\/tile-award\/wp-content\/uploads\/2014\/07\/TAW_510.jpg\" data-rel=\"lightbox-image-0\" data-imagelightbox=\"0\" data-rl_title=\"\" data-rl_caption=\"\" title=\"\"><img decoding=\"async\" loading=\"lazy\" class=\"alignnone size-full wp-image-1417\" src=\"https:\/\/ait-xia-dialog.de\/tile-award\/wp-content\/uploads\/2014\/07\/TAW_510.jpg\" alt=\"SONY DSC\" width=\"3872\" height=\"2592\" srcset=\"https:\/\/ait-xia-dialog.de\/tile-award\/wp-content\/uploads\/2014\/07\/TAW_510.jpg 3872w, https:\/\/ait-xia-dialog.de\/tile-award\/wp-content\/uploads\/2014\/07\/TAW_510-300x200.jpg 300w, https:\/\/ait-xia-dialog.de\/tile-award\/wp-content\/uploads\/2014\/07\/TAW_510-1024x685.jpg 1024w, https:\/\/ait-xia-dialog.de\/tile-award\/wp-content\/uploads\/2014\/07\/TAW_510-640x428.jpg 640w\" sizes=\"(max-width: 3872px) 100vw, 3872px\" \/><\/a><br \/>\nfrom left to right: Ivonne Hater, \u00c1kos Schreck, Ale\u0161 Ko\u0161ak, Hanko Hoyer, Marion B\u00fcrger, Gytis Vaitkevi\u010dius, Ivana Popovic, Gero Kindermann, Melinda K\u00fchn, Albuquerque Goinhas, Kolja Janiszewsk, Andrea Bollig, Christiane von der Laake, Daniel Lockefeer, Florian Spaelty, Adelheid Bannach, Philipp Herrich, Claudia Bohl, Erin Moon, Andr\u00e9 Assenmacher, Marco Noch, Max Rink<\/p>\n","protected":false},"excerpt":{"rendered":"<p>from left to right: Ivonne Hater, \u00c1kos Schreck, Ale\u0161 Ko\u0161ak, Hanko Hoyer, Marion B\u00fcrger, Gytis Vaitkevi\u010dius, Ivana Popovic, Gero Kindermann, Melinda K\u00fchn, Albuquerque Goinhas, Kolja Janiszewsk, Andrea Bollig, Christiane von der Laake, Daniel Lockefeer, Florian Spaelty, Adelheid Bannach, Philipp Herrich, Claudia Bohl, Erin Moon, Andr\u00e9 Assenmacher, Marco Noch, Max Rink<\/p>\n","protected":false},"author":4,"featured_media":0,"parent":43,"menu_order":3,"comment_status":"closed","ping_status":"closed","template":"page-templates\/child-menu-left.php","meta":[],"_links":{"self":[{"href":"https:\/\/ait-xia-dialog.de\/tile-award\/en\/wp-json\/wp\/v2\/pages\/115"}],"collection":[{"href":"https:\/\/ait-xia-dialog.de\/tile-award\/en\/wp-json\/wp\/v2\/pages"}],"about":[{"href":"https:\/\/ait-xia-dialog.de\/tile-award\/en\/wp-json\/wp\/v2\/types\/page"}],"author":[{"embeddable":true,"href":"https:\/\/ait-xia-dialog.de\/tile-award\/en\/wp-json\/wp\/v2\/users\/4"}],"replies":[{"embeddable":true,"href":"https:\/\/ait-xia-dialog.de\/tile-award\/en\/wp-json\/wp\/v2\/comments?post=115"}],"version-history":[{"count":5,"href":"https:\/\/ait-xia-dialog.de\/tile-award\/en\/wp-json\/wp\/v2\/pages\/115\/revisions"}],"predecessor-version":[{"id":2672,"href":"https:\/\/ait-xia-dialog.de\/tile-award\/en\/wp-json\/wp\/v2\/pages\/115\/revisions\/2672"}],"up":[{"embeddable":true,"href":"https:\/\/ait-xia-dialog.de\/tile-award\/en\/wp-json\/wp\/v2\/pages\/43"}],"wp:attachment":[{"href":"https:\/\/ait-xia-dialog.de\/tile-award\/en\/wp-json\/wp\/v2\/media?parent=115"}],"curies":[{"name":"wp","href":"https:\/\/api.w.org\/{rel}","templated":true}]}}